{"id":51,"date":"2024-08-24T13:53:34","date_gmt":"2024-08-24T13:53:34","guid":{"rendered":"http:\/\/ozkanvinc.com\/?page_id=51"},"modified":"2024-09-05T07:48:39","modified_gmt":"2024-09-05T07:48:39","slug":"hizmetlerimiz","status":"publish","type":"page","link":"https:\/\/ozkanvinc.com\/?page_id=51","title":{"rendered":"Hizmetlerimiz"},"content":{"rendered":"\n<p><\/p>\n\n\n\n<figure class=\"wp-block-image size-large wp-duotone-grayscale\"><img loading=\"lazy\" decoding=\"async\" width=\"1024\" height=\"683\" src=\"http:\/\/ozkanvinc.com\/wp-content\/uploads\/2024\/08\/colibri-image-128-1024x683.png\" alt=\"\" class=\"wp-image-38\" srcset=\"https:\/\/ozkanvinc.com\/wp-content\/uploads\/2024\/08\/colibri-image-128-1024x683.png 1024w, https:\/\/ozkanvinc.com\/wp-content\/uploads\/2024\/08\/colibri-image-128-300x200.png 300w, https:\/\/ozkanvinc.com\/wp-content\/uploads\/2024\/08\/colibri-image-128-768x512.png 768w, https:\/\/ozkanvinc.com\/wp-content\/uploads\/2024\/08\/colibri-image-128-1536x1024.png 1536w, https:\/\/ozkanvinc.com\/wp-content\/uploads\/2024\/08\/colibri-image-128.png 1920w\" sizes=\"auto, (max-width: 1024px) 100vw, 1024px\" \/><figcaption class=\"wp-element-caption\"><strong>\u00d6ZEL V\u0130N\u00c7LER<\/strong><\/figcaption><\/figure>\n\n\n\n<figure class=\"wp-block-gallery has-nested-images columns-default is-cropped wp-block-gallery-1 is-layout-flex wp-block-gallery-is-layout-flex\">\n<figure class=\"wp-block-image size-large wp-duotone-purple-green\"><img loading=\"lazy\" decoding=\"async\" width=\"500\" height=\"325\" data-id=\"28\" src=\"http:\/\/ozkanvinc.com\/wp-content\/uploads\/2024\/08\/hesproje.jpg\" alt=\"\" class=\"wp-image-28\" srcset=\"https:\/\/ozkanvinc.com\/wp-content\/uploads\/2024\/08\/hesproje.jpg 500w, https:\/\/ozkanvinc.com\/wp-content\/uploads\/2024\/08\/hesproje-300x195.jpg 300w\" sizes=\"auto, (max-width: 500px) 100vw, 500px\" \/><figcaption class=\"wp-element-caption\"><strong>V\u0130N\u00c7 \u0130MALATI<\/strong><\/figcaption><\/figure>\n\n\n\n<figure class=\"wp-block-image size-large wp-duotone-grayscale\"><img loading=\"lazy\" decoding=\"async\" width=\"308\" height=\"164\" data-id=\"22\" src=\"http:\/\/ozkanvinc.com\/wp-content\/uploads\/2024\/08\/gez1.jpeg\" alt=\"\" class=\"wp-image-22\" srcset=\"https:\/\/ozkanvinc.com\/wp-content\/uploads\/2024\/08\/gez1.jpeg 308w, https:\/\/ozkanvinc.com\/wp-content\/uploads\/2024\/08\/gez1-300x160.jpeg 300w\" sizes=\"auto, (max-width: 308px) 100vw, 308px\" \/><figcaption class=\"wp-element-caption\"><strong>GEZER K\u00d6PR\u00dc V\u0130N\u00c7LER<\/strong><\/figcaption><\/figure>\n\n\n\n<figure class=\"wp-block-image size-large wp-duotone-blue-red\"><img loading=\"lazy\" decoding=\"async\" width=\"259\" height=\"194\" data-id=\"20\" src=\"http:\/\/ozkanvinc.com\/wp-content\/uploads\/2024\/08\/mon1.jpeg\" alt=\"\" class=\"wp-image-20\"\/><figcaption class=\"wp-element-caption\"><strong>MONORAY V\u0130N\u00c7LER<\/strong><\/figcaption><\/figure>\n\n\n\n<figure class=\"wp-block-image size-large wp-duotone-midnight\"><img loading=\"lazy\" decoding=\"async\" width=\"297\" height=\"170\" data-id=\"17\" src=\"http:\/\/ozkanvinc.com\/wp-content\/uploads\/2024\/08\/gez2.jpeg\" alt=\"\" class=\"wp-image-17\"\/><figcaption class=\"wp-element-caption\"><strong>GEZER K\u00d6PR\u00dc V\u0130N\u00c7LER<\/strong><\/figcaption><\/figure>\n\n\n\n<figure class=\"wp-block-image size-large wp-duotone-blue-orange\"><img loading=\"lazy\" decoding=\"async\" width=\"1024\" height=\"576\" data-id=\"15\" src=\"http:\/\/ozkanvinc.com\/wp-content\/uploads\/2024\/08\/cor2-1024x576.jpg\" alt=\"\" class=\"wp-image-15\" srcset=\"https:\/\/ozkanvinc.com\/wp-content\/uploads\/2024\/08\/cor2-1024x576.jpg 1024w, https:\/\/ozkanvinc.com\/wp-content\/uploads\/2024\/08\/cor2-300x169.jpg 300w, https:\/\/ozkanvinc.com\/wp-content\/uploads\/2024\/08\/cor2-768x432.jpg 768w, https:\/\/ozkanvinc.com\/wp-content\/uploads\/2024\/08\/cor2.jpg 1200w\" sizes=\"auto, (max-width: 1024px) 100vw, 1024px\" \/><figcaption class=\"wp-element-caption\"><strong>V\u0130N\u00c7 \u00dcRET\u0130M\u0130<\/strong><\/figcaption><\/figure>\n\n\n\n<figure class=\"wp-block-image size-large wp-duotone-grayscale\"><img loading=\"lazy\" decoding=\"async\" width=\"1024\" height=\"293\" data-id=\"13\" src=\"http:\/\/ozkanvinc.com\/wp-content\/uploads\/2024\/08\/cor1-1024x293.jpg\" alt=\"\" class=\"wp-image-13\" srcset=\"https:\/\/ozkanvinc.com\/wp-content\/uploads\/2024\/08\/cor1-1024x293.jpg 1024w, https:\/\/ozkanvinc.com\/wp-content\/uploads\/2024\/08\/cor1-300x86.jpg 300w, https:\/\/ozkanvinc.com\/wp-content\/uploads\/2024\/08\/cor1-768x220.jpg 768w, https:\/\/ozkanvinc.com\/wp-content\/uploads\/2024\/08\/cor1-1536x439.jpg 1536w, https:\/\/ozkanvinc.com\/wp-content\/uploads\/2024\/08\/cor1-2048x585.jpg 2048w\" sizes=\"auto, (max-width: 1024px) 100vw, 1024px\" \/><figcaption class=\"wp-element-caption\"><strong>\u0130NOVAT\u0130F V\u0130N\u00c7LER<\/strong><\/figcaption><\/figure>\n<\/figure>\n","protected":false},"excerpt":{"rendered":"","protected":false},"author":1,"featured_media":0,"parent":0,"menu_order":5,"comment_status":"closed","ping_status":"closed","template":"","meta":{"footnotes":""},"class_list":["post-51","page","type-page","status-publish","hentry"],"_links":{"self":[{"href":"https:\/\/ozkanvinc.com\/index.php?rest_route=\/wp\/v2\/pages\/51","targetHints":{"allow":["GET"]}}],"collection":[{"href":"https:\/\/ozkanvinc.com\/index.php?rest_route=\/wp\/v2\/pages"}],"about":[{"href":"https:\/\/ozkanvinc.com\/index.php?rest_route=\/wp\/v2\/types\/page"}],"author":[{"embeddable":true,"href":"https:\/\/ozkanvinc.com\/index.php?rest_route=\/wp\/v2\/users\/1"}],"replies":[{"embeddable":true,"href":"https:\/\/ozkanvinc.com\/index.php?rest_route=%2Fwp%2Fv2%2Fcomments&post=51"}],"version-history":[{"count":3,"href":"https:\/\/ozkanvinc.com\/index.php?rest_route=\/wp\/v2\/pages\/51\/revisions"}],"predecessor-version":[{"id":152,"href":"https:\/\/ozkanvinc.com\/index.php?rest_route=\/wp\/v2\/pages\/51\/revisions\/152"}],"wp:attachment":[{"href":"https:\/\/ozkanvinc.com\/index.php?rest_route=%2Fwp%2Fv2%2Fmedia&parent=51"}],"curies":[{"name":"wp","href":"https:\/\/api.w.org\/{rel}","templated":true}]}}