{"id":49,"date":"2024-08-24T13:53:19","date_gmt":"2024-08-24T13:53:19","guid":{"rendered":"http:\/\/ozkanvinc.com\/?page_id=49"},"modified":"2024-09-05T09:46:43","modified_gmt":"2024-09-05T09:46:43","slug":"bilesenlerparcalar","status":"publish","type":"page","link":"https:\/\/ozkanvinc.com\/?page_id=49","title":{"rendered":"Bile\u015fenler&amp;Par\u00e7alar"},"content":{"rendered":"\n<p><strong>\u00d6ZKAN Vin\u00e7 Aksesuarlar\u0131 ve Yard\u0131mc\u0131 Donan\u0131m Se\u00e7enekleri<\/strong><\/p>\n\n\n\n<p><strong>Vin\u00e7lerinizdeki Her T\u00fcrl\u00fc De\u011fi\u015fik \u0130htiya\u00e7lar\u0131n\u0131za Cevap Verebilme \u00d6zelli\u011fi<\/strong><\/p>\n\n\n\n<p>Aksesuar ve yard\u0131mc\u0131 donan\u0131mlar\u0131m\u0131zdaki geni\u015f \u00fcr\u00fcn yelpazemiz sayesinde, uygulamalar\u0131n\u0131z i\u00e7in gereken \u00f6zel ihtiya\u00e7 ve gereksinimlerinize, Standart vin\u00e7lerimizi rahatl\u0131kla adapte edip uygun hale getirebilmekteyiz.<\/p>\n\n\n\n<ul class=\"wp-block-list\">\n<li>Y\u00fck kald\u0131rma ve ta\u015f\u0131ma donan\u0131mlar\u0131m\u0131zdaki geni\u015f \u00fcr\u00fcn yelpazemiz ile kapsaml\u0131 \u00fcr\u00fcn \u00e7e\u015fitlili\u011fimiz, \u00e7ok de\u011fi\u015fik ihtiya\u00e7 ve gereksinimlerinize rahatl\u0131kla cevap verecek, i\u015flerinizi daha da basitle\u015ftirecek niteliktedir.<\/li>\n\n\n\n<li>Maksimum \u00c7al\u0131\u015fma \u00d6mr\u00fcn\u00fc sa\u011flayan \u00d6ZKAN kalitesindeki \u00e7elik halatlar,<\/li>\n\n\n\n<li><strong>\u0130\u015fyeri Ayd\u0131nlatma Lambalar\u0131,<\/strong><\/li>\n\n\n\n<li><strong>Y\u00fcr\u00fctme gruplar\u0131 i\u00e7in Frekans \u0130nverter Kontrol\u00fc<\/strong><\/li>\n\n\n\n<li><strong>Sincaf kafesli motorlar i\u00e7in Yumu\u015fak Kalk\u0131\u015f Sistemi<\/strong><\/li>\n\n\n\n<li><strong>Yumu\u015fak Kalk\u0131\u015f<\/strong> <strong>Sistemi<\/strong> veya <strong>Frekans \u0130nverter Kontrol\u00fc<\/strong> ile elde edilen de\u011fi\u015fik devirlerdeki motorlar; kald\u0131rma ve y\u00fcr\u00fctme hareketleri esnas\u0131nda y\u00fck\u00fcn daha az sallanmas\u0131na, y\u00fck\u00fcn daha d\u00fczg\u00fcn konumland\u0131r\u0131lmas\u0131na ve vin\u00e7 operat\u00f6r\u00fc i\u00e7in ise daha az deneyimli biriyle \u00e7al\u0131\u015fabilmeye yard\u0131mc\u0131 olur.<\/li>\n\n\n\n<li><strong>Kumanda Butonu<\/strong>: Vin\u00e7lerin esnek ve rahat kullan\u0131m\u0131na izin veren yap\u0131ya sahiptirler.<\/li>\n\n\n\n<li><strong>Radyo Kumanda Sistemi: <\/strong>Vin\u00e7lerin esnek ve rahat kullan\u0131m\u0131na izin veren yap\u0131ya sahiptirler.<\/li>\n\n\n\n<li><strong>Araba Y\u00fcr\u00fctme ve K\u00f6pr\u00fc Y\u00fcr\u00fctme Limitleri: <\/strong>Kald\u0131rma grubu, ba\u015fl\u0131k kiri\u015fleri, vin\u00e7, bina ve ta\u015f\u0131nan y\u00fck\u00fc \u00e7arpma etkisiyle olu\u015fabilecek her t\u00fcrl\u00fc tehlike ve hasardan korurlar. (Tek kademe veya \u00e7ift kademe se\u00e7ene\u011fi)<\/li>\n\n\n\n<li><strong>Yard\u0131mc\u0131 Kald\u0131rma \u00dcniteli \u00c7ift Kiri\u015fli Gezer K\u00f6pr\u00fc Arabalar\u0131: <\/strong>\u00d6rne\u011fin sanayi presleriyle \u00e7al\u0131\u015fmalar\u0131n\u0131zdaki kal\u0131p de\u011fi\u015ftirme ve \u00e7evirme faaliyetleriniz gibi \u00e7al\u0131\u015fmalar\u0131n\u0131zda, operasyonlar\u0131n\u0131z\u0131 daha verimli yapman\u0131za olanak sa\u011flar. E\u011fer kald\u0131r\u0131lacak y\u00fck\u00fcn b\u00fcy\u00fck bir b\u00f6l\u00fcm\u00fc ana kald\u0131rma kapasitesinden az ise, daha h\u0131zl\u0131 bir yard\u0131mc\u0131 kald\u0131rma \u00fcnitesi ayn\u0131 araba \u00fczerine eklenmesi; kullan\u0131m verimlili\u011finizin artmas\u0131na ve enerji tasarrufuna ve maliyetlerinizin daha da d\u00fc\u015fmesini temin eder.<\/li>\n\n\n\n<li><strong>\u0130kinci Araba Y\u00fcr\u00fctme Grubu <\/strong>ile donat\u0131lan vin\u00e7ler: Uzun, hantal ve hacimli y\u00fcklerin rahatl\u0131kla ta\u015f\u0131nabilmesine olanak sa\u011flar. Ayr\u0131ca bu yap\u0131, y\u00fckleriniz i\u00e7in gereken \u00e7evirme ve d\u00f6nd\u00fcrme i\u015flemlerinizde daha h\u0131zl\u0131 hareket kabiliyeti kazand\u0131raca\u011f\u0131ndan zamandan da tasarruf sa\u011flayacakt\u0131r.<\/li>\n\n\n\n<li><strong>Vin\u00e7 Enerji Besleme Sistemi<\/strong>,<\/li>\n\n\n\n<li><strong>Sesli ikaz Kornas\u0131<\/strong><\/li>\n\n\n\n<li><strong>I\u015f\u0131kl\u0131 \u0130kaz Lambas\u0131<\/strong><\/li>\n\n\n\n<li><strong>A\u015f\u0131r\u0131 Y\u00fck Limit Sistemi<\/strong><\/li>\n\n\n\n<li><strong>Engel Kontrol Sistemi<\/strong>: Araba y\u00fcr\u00fcy\u00fc\u015f yolu \u00fczerinde engel olan kapal\u0131 alanlarda kald\u0131rma grubunun engele \u00e7arpmas\u0131n\u0131 \u00f6nlerler.<\/li>\n\n\n\n<li><strong>Bak\u0131m Platformlar\u0131 ve D\u00fczenekleri<\/strong>: Binan\u0131z i\u00e7erisindeki vin\u00e7 ile binada mevcut tesisat ve sistemlerin bak\u0131m onar\u0131m \u00e7al\u0131\u015fmalar\u0131n\u0131 kolayla\u015ft\u0131rlar.<\/li>\n\n\n\n<li><strong>\u00c7arp\u0131\u015fma \u00d6nleme Sistemi ve Vin\u00e7 Mesafe Kontrol\u00fc<\/strong>: Ayn\u0131 y\u00fcr\u00fcy\u00fc\u015f yolu \u00fczerinde \u00e7al\u0131\u015fan vin\u00e7lerin aralar\u0131nda g\u00fcvenli i\u015fletimini sa\u011flayan, aralar\u0131ndaki mesafe kontrol\u00fcn\u00fc sa\u011flayarak, kaza ve hasar olu\u015fumunu engeller.<\/li>\n\n\n\n<li><strong>Tandem \u00c7al\u0131\u015fma<\/strong>: Gezer k\u00f6pr\u00fcler aras\u0131 veya araba gruplar\u0131 aras\u0131nda sa\u011flanacak tandem \u00e7al\u0131\u015fma, ekonomik ve d\u00fc\u015f\u00fck maliyetli \u00e7al\u0131\u015fmalar\u0131n\u0131z i\u00e7in y\u00fcksek avantajlar sa\u011flar.<\/li>\n<\/ul>\n","protected":false},"excerpt":{"rendered":"<p>\u00d6ZKAN Vin\u00e7 Aksesuarlar\u0131 ve Yard\u0131mc\u0131 Donan\u0131m Se\u00e7enekleri Vin\u00e7lerinizdeki Her T\u00fcrl\u00fc De\u011fi\u015fik \u0130htiya\u00e7lar\u0131n\u0131za Cevap Verebilme \u00d6zelli\u011fi Aksesuar ve yard\u0131mc\u0131 donan\u0131mlar\u0131m\u0131zdaki geni\u015f \u00fcr\u00fcn yelpazemiz sayesinde, uygulamalar\u0131n\u0131z i\u00e7in gereken \u00f6zel ihtiya\u00e7 ve gereksinimlerinize, Standart vin\u00e7lerimizi rahatl\u0131kla adapte edip uygun hale getirebilmekteyiz.<\/p>\n","protected":false},"author":1,"featured_media":0,"parent":0,"menu_order":4,"comment_status":"closed","ping_status":"closed","template":"","meta":{"footnotes":""},"class_list":["post-49","page","type-page","status-publish","hentry"],"_links":{"self":[{"href":"https:\/\/ozkanvinc.com\/index.php?rest_route=\/wp\/v2\/pages\/49","targetHints":{"allow":["GET"]}}],"collection":[{"href":"https:\/\/ozkanvinc.com\/index.php?rest_route=\/wp\/v2\/pages"}],"about":[{"href":"https:\/\/ozkanvinc.com\/index.php?rest_route=\/wp\/v2\/types\/page"}],"author":[{"embeddable":true,"href":"https:\/\/ozkanvinc.com\/index.php?rest_route=\/wp\/v2\/users\/1"}],"replies":[{"embeddable":true,"href":"https:\/\/ozkanvinc.com\/index.php?rest_route=%2Fwp%2Fv2%2Fcomments&post=49"}],"version-history":[{"count":5,"href":"https:\/\/ozkanvinc.com\/index.php?rest_route=\/wp\/v2\/pages\/49\/revisions"}],"predecessor-version":[{"id":206,"href":"https:\/\/ozkanvinc.com\/index.php?rest_route=\/wp\/v2\/pages\/49\/revisions\/206"}],"wp:attachment":[{"href":"https:\/\/ozkanvinc.com\/index.php?rest_route=%2Fwp%2Fv2%2Fmedia&parent=49"}],"curies":[{"name":"wp","href":"https:\/\/api.w.org\/{rel}","templated":true}]}}