{"id":47,"date":"2024-08-24T13:53:00","date_gmt":"2024-08-24T13:53:00","guid":{"rendered":"http:\/\/ozkanvinc.com\/?page_id=47"},"modified":"2024-09-06T21:13:32","modified_gmt":"2024-09-06T21:13:32","slug":"vincler","status":"publish","type":"page","link":"https:\/\/ozkanvinc.com\/?page_id=47","title":{"rendered":"Vin\u00e7ler"},"content":{"rendered":"\n<figure class=\"wp-block-image size-full\"><img loading=\"lazy\" decoding=\"async\" width=\"932\" height=\"616\" src=\"http:\/\/ozkanvinc.com\/wp-content\/uploads\/2024\/09\/pdf1.png\" alt=\"\" class=\"wp-image-178\" srcset=\"https:\/\/ozkanvinc.com\/wp-content\/uploads\/2024\/09\/pdf1.png 932w, https:\/\/ozkanvinc.com\/wp-content\/uploads\/2024\/09\/pdf1-300x198.png 300w, https:\/\/ozkanvinc.com\/wp-content\/uploads\/2024\/09\/pdf1-768x508.png 768w\" sizes=\"auto, (max-width: 932px) 100vw, 932px\" \/><\/figure>\n\n\n\n<p><strong>\u00d6ZKAN STANDART V\u0130N\u00c7LER\u0130<\/strong><\/p>\n\n\n\n<ul class=\"wp-block-list\">\n<li><strong>Vin\u00e7ler i\u00e7in Standartlar\u0131n\u0131z\u0131 Belirleyen \u00d6ZKAN Vin\u00e7leri<\/strong><\/li>\n\n\n\n<li><strong>Maksimum 50 ton Kald\u0131rma Kapasitesi ve Maksimum 35 m Ray A\u00e7\u0131kl\u0131\u011f\u0131<\/strong><\/li>\n\n\n\n<li><strong>Y\u00fcksek Stabilite ve Dayan\u0131kl\u0131 Tasar\u0131m<\/strong><\/li>\n\n\n\n<li><strong>Son Derece Ekonomik<\/strong><\/li>\n\n\n\n<li><strong>Y\u00fcksek Verim<\/strong><\/li>\n\n\n\n<li><strong>\u0130stikrarl\u0131 ve G\u00fc\u00e7l\u00fc Performans<\/strong><\/li>\n\n\n\n<li><strong>\u00d6zg\u00fcn Yap\u0131<\/strong><\/li>\n\n\n\n<li><strong>Verimli Kullan\u0131m<\/strong><\/li>\n\n\n\n<li><strong>\u00c7ok Y\u00f6nl\u00fc Tasar\u0131m<\/strong><\/li>\n\n\n\n<li><strong>Paran\u0131z i\u00e7in Sa\u011flanan Kalite ve De\u011fer<\/strong><\/li>\n\n\n\n<li><strong>M\u00fc\u015fterilerin \u00d6zel \u0130htiya\u00e7 ve Gereksinimlerini Kar\u015f\u0131layabilme<\/strong><\/li>\n<\/ul>\n\n\n\n<p>\u00d6ZKAN Standart vin\u00e7leri ve \u00e7\u00f6z\u00fcmleri; sizler i\u00e7in kalite, verim, g\u00fcvenilirlik ve dayan\u0131kl\u0131l\u0131\u011f\u0131 kesinlikle en \u00fcst seviyede verir.<\/p>\n\n\n\n<p>\u00d6ZKAN Vin\u00e7  Makinalar\u0131 taraf\u0131ndan sizlere sunulan y\u00fcksek standartlar; en \u00fcst d\u00fczeyde kalite, d\u00fc\u015f\u00fck maliyetler ve g\u00fcvenilirlik ile e\u015fanlaml\u0131d\u0131r.<\/p>\n\n\n\n<p>Her vincimiz ve vin\u00e7 ekipman\u0131m\u0131z;  sanayi ve sekt\u00f6r\u00fc i\u00e7in, vin\u00e7teki uzmanl\u0131\u011f\u0131n\u0131, g\u00fcvenilirli\u011fini bir ortak-partner gibi y\u0131llard\u0131r g\u00f6stermektedir.\u00a0<\/p>\n\n\n\n<p>Y\u00fcksek i\u015fletim g\u00fcvenilirli\u011fi ve ekonomik yat\u0131r\u0131mlar, planlamalar\u0131n\u0131zda \u00f6ncelik olarak al\u0131nmak zorundad\u0131r. Bu \u015fu anlama gelir: Problemsiz-Sorunsuz Vin\u00e7 \u0130\u015fletimi, Minimum Bak\u0131m ve Maksimum Kullan\u0131labilirlik.<\/p>\n\n\n\n<p>\u0130lk olarak do\u011fru vinci sat\u0131n almal\u0131s\u0131n\u0131z. Bunun i\u00e7in bizlere kullan\u0131m ihtiya\u00e7lar\u0131n\u0131z ve gereksinimlerinizle ilgili bilgi vermelisiniz.<\/p>\n\n\n\n<p>Bizler ihtiyac\u0131n\u0131z olan do\u011fru vinci sizlere teklif eder ve hizmetinize sunar\u0131z. Hem de ihtiya\u00e7lar\u0131n\u0131zla tam uyumlu \u015fekilde.<\/p>\n\n\n\n<p>\u00d6ZKAN vin\u00e7lerinin geni\u015f \u00fcr\u00fcn portf\u00f6y\u00fc, ihtiya\u00e7lar\u0131n\u0131z i\u00e7in her bir \u00e7\u00f6z\u00fcm\u00fc m\u00fcmk\u00fcn k\u0131lan yap\u0131ya sahiptir.<\/p>\n\n\n\n<p><strong>Daha fazla verimlilik i\u00e7in m\u00fc\u015fterilerimize sa\u011flad\u0131\u011f\u0131m\u0131z yenilikler<\/strong><\/p>\n\n\n\n<p>Maksimum 50 tona kadar olan kapasitelerdeki uygulamalar\u0131n\u0131zda, standart vin\u00e7ler i\u00e7in kullan\u0131lan en son teknolojiyi ve ayn\u0131 zamanda yepyeni bir vin\u00e7 felsefesinin tan\u0131mland\u0131\u011f\u0131 yap\u0131y\u0131, \u00d6ZKAN\u2019in yeni tasar\u0131m\u0131 olan &#8216;VR VE PR &#8216; serisi Kald\u0131rma \u00dcniteleri ile hizmetinize sunuyoruz.<\/p>\n\n\n\n<p><strong>\u00d6ZKAN &#8216;VR VE PR &#8216;  Serisi Kald\u0131rma \u00dcnitesi avantajlar\u0131:<\/strong><\/p>\n\n\n\n<p>Art\u0131r\u0131labilir kald\u0131rma ve araba y\u00fcr\u00fctme h\u0131zlar\u0131 sayesinde sa\u011flanabilen geli\u015ftirilmi\u015f kullan\u0131m oranlar\u0131 ve daha y\u00fcksek verim de\u011ferleri.<\/p>\n\n\n\n<p>Kaynakl\u0131 vin\u00e7 ana kiri\u015flerin birle\u015ftirilmesiyle ortaya \u00e7\u0131kan vin\u00e7 geometrisinin garanti etti\u011fi ve sa\u011flad\u0131\u011f\u0131 y\u00fcksek tasar\u0131m rijitli\u011fi, en uygun y\u00fcr\u00fcy\u00fc\u015f karakteristi\u011fi ve minimum a\u015f\u0131nma \u00f6zelli\u011fi.<\/p>\n\n\n\n<p>Minimum yakla\u015f\u0131m mesafelerine sahip az yer kaplayan tasar\u0131ml\u0131 araba gruplu kald\u0131rma \u00fcniteleri ile binadaki \u00e7at\u0131 yap\u0131s\u0131na en uygun \u015fekilde adaptasyon ve uyarlanmaya olanak sa\u011flayan y\u00fckseltilebilen ana kiri\u015f-ba\u015fl\u0131k kiri\u015fi aras\u0131 ba\u011flant\u0131 yap\u0131s\u0131 sayesinde elde edilen daha b\u00fcy\u00fck kald\u0131rma y\u00fckseklikleri, kullan\u0131labilir alanlar\u0131n daha iyi kullan\u0131m\u0131, daha d\u00fc\u015f\u00fck konstr\u00fcksiyon ve i\u015fletme maliyetleri.<\/p>\n\n\n\n<p>Son derece rahat i\u015fletime, kolay &#8211; emniyetli &#8211; verimli ve zahmetsiz \u015fekilde y\u00fck ta\u015f\u0131maya olanak sa\u011flayan ergonomik tasar\u0131ma sahip kumanda butonlar\u0131 ve radyo kumanda sistemleri<\/p>\n\n\n\n<p>Frekans inverterli y\u00fcr\u00fctme gruplar\u0131 ile elde edilen t\u00fcm hareketlerdeki (kald\u0131rma-indirme\/araba sa\u011f-araba sol\/k\u00f6pr\u00fc ileri-k\u00f6pr\u00fc geri) kademesiz h\u0131z kontrolleri; y\u00fck sal\u0131n\u0131m hareketlerini azalt\u0131r, tam ve hassas ta\u015f\u0131ma ve konumland\u0131rmay\u0131 kolayla\u015ft\u0131r\u0131r, gerek vin\u00e7 ve gerekse bina \u00fczerindeki mekanik y\u00fcklerin azalmas\u0131n\u0131 temin eder.<\/p>\n\n\n\n<p><strong>\u00d6zg\u00fcn \u00d6ZKAN Standart Vin\u00e7 Konfig\u00fcrasyonlar\u0131 \u2013 Montajlar\u0131n\u0131zda zaman tasarrufu sa\u011flayan yap\u0131<\/strong><\/p>\n\n\n\n<figure class=\"wp-block-table\"><table class=\"has-fixed-layout\"><tbody><tr><td><strong>STK.PK<\/strong> <strong>Standart Tip Tek Kiri\u015fli Gezer K\u00f6pr\u00fc Vin\u00e7leri<\/strong> Hafif y\u00fckler ve nispeten k\u00fc\u00e7\u00fck ray a\u00e7\u0131kl\u0131klar\u0131 i\u00e7in en uygun \u00e7\u00f6z\u00fcm Maksimum Kald\u0131rma Kapasitesi 10 t Maksimum Ray A\u00e7\u0131kl\u0131\u011f\u0131 15 m &nbsp;<\/td><td class=\"has-text-align-center\" data-align=\"center\"><img loading=\"lazy\" decoding=\"async\" width=\"250\" height=\"120\" class=\"wp-image-179\" style=\"width: 250px;\" src=\"http:\/\/ozkanvinc.com\/wp-content\/uploads\/2024\/09\/v1.jpg\" alt=\"\" srcset=\"https:\/\/ozkanvinc.com\/wp-content\/uploads\/2024\/09\/v1.jpg 376w, https:\/\/ozkanvinc.com\/wp-content\/uploads\/2024\/09\/v1-300x144.jpg 300w\" sizes=\"auto, (max-width: 250px) 100vw, 250px\" \/><\/td><\/tr><tr><td><strong>STK.KK<\/strong> <strong>Standart Tip Tek Kiri\u015fli Gezer K\u00f6pr\u00fc Vin\u00e7leri<\/strong> Minimum \u00f6l\u00fc a\u011f\u0131rl\u0131klar ile elde edilen maksimum sa\u011flaml\u0131k ve dayan\u0131m Maksimum Kald\u0131rma Kapasitesi 10 t Maksimum Ray A\u00e7\u0131kl\u0131\u011f\u0131 30 m &nbsp;<\/td><td class=\"has-text-align-center\" data-align=\"center\"><img loading=\"lazy\" decoding=\"async\" width=\"250\" height=\"129\" class=\"wp-image-180\" style=\"width: 250px;\" src=\"http:\/\/ozkanvinc.com\/wp-content\/uploads\/2024\/09\/v2.jpg\" alt=\"\" srcset=\"https:\/\/ozkanvinc.com\/wp-content\/uploads\/2024\/09\/v2.jpg 350w, https:\/\/ozkanvinc.com\/wp-content\/uploads\/2024\/09\/v2-300x155.jpg 300w\" sizes=\"auto, (max-width: 250px) 100vw, 250px\" \/><\/td><\/tr><tr><td><strong>ATK.PK &amp; ATK.KK<\/strong> <strong>Ask\u0131l\u0131 Tip Tek Kiri\u015fli Gezer K\u00f6pr\u00fc Vin\u00e7leri<\/strong> Mevcut alanlar\u0131n\u0131z\u0131n en uygun kullan\u0131m\u0131 i\u00e7in Kolonsuz Alternatif Maksimum Kald\u0131rma Kapasitesi 8 t Maksimum Ray A\u00e7\u0131kl\u0131\u011f\u0131 25 m &nbsp;<\/td><td class=\"has-text-align-center\" data-align=\"center\"><img loading=\"lazy\" decoding=\"async\" width=\"250\" height=\"139\" class=\"wp-image-181\" style=\"width: 250px;\" src=\"http:\/\/ozkanvinc.com\/wp-content\/uploads\/2024\/09\/v3.jpg\" alt=\"\" srcset=\"https:\/\/ozkanvinc.com\/wp-content\/uploads\/2024\/09\/v3.jpg 325w, https:\/\/ozkanvinc.com\/wp-content\/uploads\/2024\/09\/v3-300x167.jpg 300w\" sizes=\"auto, (max-width: 250px) 100vw, 250px\" \/><\/td><\/tr><tr><td><strong>SCK.PK &amp; SCK.KK<\/strong> <strong>Standart Tip \u00c7ift Kiri\u015fli Gezer K\u00f6pr\u00fc Vin\u00e7leri<\/strong> Geni\u015f Ray A\u00e7\u0131kl\u0131klar\u0131 ile birle\u015ftirilmi\u015f Y\u00fcksek Kald\u0131rma Kapasiteleri Maksimum Kald\u0131rma Kapasitesi 50 t Maksimum Ray A\u00e7\u0131kl\u0131\u011f\u0131 35 m &nbsp;<\/td><td class=\"has-text-align-center\" data-align=\"center\"><img loading=\"lazy\" decoding=\"async\" width=\"250\" height=\"124\" class=\"wp-image-182\" style=\"width: 250px;\" src=\"http:\/\/ozkanvinc.com\/wp-content\/uploads\/2024\/09\/v4.jpg\" alt=\"\" srcset=\"https:\/\/ozkanvinc.com\/wp-content\/uploads\/2024\/09\/v4.jpg 365w, https:\/\/ozkanvinc.com\/wp-content\/uploads\/2024\/09\/v4-300x149.jpg 300w\" sizes=\"auto, (max-width: 250px) 100vw, 250px\" \/><\/td><\/tr><\/tbody><\/table><\/figure>\n\n\n\n<p>\u00d6ZKAN Standart Vin\u00e7leri \u00fcr\u00fcn portf\u00f6y\u00fc genel olarak; Tek ve \u00c7ift Kiri\u015fli Gezer K\u00f6pr\u00fc Vin\u00e7leri ve Ask\u0131l\u0131 Tip Gezer K\u00f6pr\u00fc Vin\u00e7leri\u2019nden olu\u015fmaktad\u0131r.<\/p>\n\n\n\n<p>Kaynakl\u0131 kutu kesitli kiri\u015fli standart vin\u00e7lerin yan\u0131 s\u0131ra haddelenmi\u015f profil kesitli kiri\u015f tiplerini de \u00e7\u00f6z\u00fcm olarak sunmaktay\u0131z.<\/p>\n\n\n\n<p>Vin\u00e7 tiplerine ait t\u00fcm performans detaylar\u0131, avantajlar ve \u00f6zelliklere \u00fcr\u00fcn detay sayfalar\u0131ndan bakabilirsiniz.<\/p>\n\n\n\n<figure class=\"wp-block-table\"><table class=\"has-fixed-layout\"><tbody><tr><td><strong>\u00d6ZKAN V\u0130N\u00c7<\/strong> <\/td><td><strong>Ask\u0131l\u0131 Tip<\/strong> <strong>Tek Kiri\u015fli<\/strong> <strong>Gezer K\u00f6pr\u00fc Vin\u00e7leri<\/strong><\/td><td><strong>Standard Tip<\/strong> <strong>Tek Kiri\u015fli<\/strong> <strong>Gezer K\u00f6pr\u00fc Vin\u00e7leri<\/strong><\/td><td><strong>Standart Tip<\/strong> <strong>\u00c7ift Kiri\u015fli<\/strong> <strong>Gezer K\u00f6pr\u00fc Vin\u00e7leri<\/strong><\/td><\/tr><tr><td><strong>Vin\u00e7 G\u00f6r\u00fcn\u00fcm\u00fc<\/strong><\/td><td><img loading=\"lazy\" decoding=\"async\" width=\"200\" height=\"133\" class=\"wp-image-183\" style=\"width: 200px;\" src=\"http:\/\/ozkanvinc.com\/wp-content\/uploads\/2024\/09\/v5.jpg\" alt=\"\"><\/td><td><img loading=\"lazy\" decoding=\"async\" width=\"200\" height=\"133\" class=\"wp-image-184\" style=\"width: 200px;\" src=\"http:\/\/ozkanvinc.com\/wp-content\/uploads\/2024\/09\/v6.jpg\" alt=\"\"><\/td><td><img loading=\"lazy\" decoding=\"async\" width=\"200\" height=\"133\" class=\"wp-image-185\" style=\"width: 200px;\" src=\"http:\/\/ozkanvinc.com\/wp-content\/uploads\/2024\/09\/v7.jpg\" alt=\"\"><\/td><\/tr><tr><td><strong>Vin\u00e7 Tipi<\/strong><strong><\/strong><\/td><td><strong>ATK.PK &amp; ATK.KK<\/strong><\/td><td><strong>STK.PK &amp; STK.KK<\/strong><\/td><td><strong>SCK.PK &amp; SCK.KK<\/strong><\/td><\/tr><tr><td><strong>Maks. Kald\u0131rma Kapasitesi&nbsp;&nbsp; *<\/strong><\/td><td>8 t<\/td><td>10 t<\/td><td>50 t<\/td><\/tr><tr><td><strong>Maks. Ray A\u00e7\u0131kl\u0131\u011f\u0131&nbsp;&nbsp; *<\/strong><\/td><td>25 m<\/td><td>30 m<\/td><td>35 m<\/td><\/tr><tr><td><strong>Maks. K\u00f6pr\u00fc Y\u00fcr\u00fctme H\u0131z\u0131&nbsp;&nbsp; *<\/strong><\/td><td colspan=\"3\">40 m\/dak<\/td><\/tr><tr><td><strong>Maks. Araba Y\u00fcr\u00fctme H\u0131z\u0131&nbsp;&nbsp; *<\/strong><\/td><td colspan=\"3\">20 m\/dak<\/td><\/tr><tr><td colspan=\"4\"><strong>*&nbsp;&nbsp;&nbsp; Di\u011fer \u00f6zellikler, iste\u011fe ba\u011fl\u0131 olarak \u00fcretilmektedir.<\/strong><\/td><\/tr><\/tbody><\/table><\/figure>\n\n\n\n<p><strong>\u00d6ZKAN\u2019in Toplam Kalitesi i\u00e7in Detaylara Dikkat Edin!<\/strong><\/p>\n","protected":false},"excerpt":{"rendered":"<p>\u00d6ZKAN STANDART V\u0130N\u00c7LER\u0130 \u00d6ZKAN Standart vin\u00e7leri ve \u00e7\u00f6z\u00fcmleri; sizler i\u00e7in kalite, verim, g\u00fcvenilirlik ve dayan\u0131kl\u0131l\u0131\u011f\u0131 kesinlikle en \u00fcst seviyede verir. \u00d6ZKAN Vin\u00e7 Makinalar\u0131 taraf\u0131ndan sizlere sunulan y\u00fcksek standartlar; en \u00fcst d\u00fczeyde kalite, d\u00fc\u015f\u00fck maliyetler ve g\u00fcvenilirlik ile e\u015fanlaml\u0131d\u0131r. Her vincimiz ve vin\u00e7 ekipman\u0131m\u0131z; sanayi ve sekt\u00f6r\u00fc i\u00e7in, vin\u00e7teki uzmanl\u0131\u011f\u0131n\u0131, g\u00fcvenilirli\u011fini bir ortak-partner gibi y\u0131llard\u0131r g\u00f6stermektedir.\u00a0 [&hellip;]<\/p>\n","protected":false},"author":1,"featured_media":0,"parent":0,"menu_order":3,"comment_status":"closed","ping_status":"closed","template":"","meta":{"footnotes":""},"class_list":["post-47","page","type-page","status-publish","hentry"],"_links":{"self":[{"href":"https:\/\/ozkanvinc.com\/index.php?rest_route=\/wp\/v2\/pages\/47","targetHints":{"allow":["GET"]}}],"collection":[{"href":"https:\/\/ozkanvinc.com\/index.php?rest_route=\/wp\/v2\/pages"}],"about":[{"href":"https:\/\/ozkanvinc.com\/index.php?rest_route=\/wp\/v2\/types\/page"}],"author":[{"embeddable":true,"href":"https:\/\/ozkanvinc.com\/index.php?rest_route=\/wp\/v2\/users\/1"}],"replies":[{"embeddable":true,"href":"https:\/\/ozkanvinc.com\/index.php?rest_route=%2Fwp%2Fv2%2Fcomments&post=47"}],"version-history":[{"count":8,"href":"https:\/\/ozkanvinc.com\/index.php?rest_route=\/wp\/v2\/pages\/47\/revisions"}],"predecessor-version":[{"id":249,"href":"https:\/\/ozkanvinc.com\/index.php?rest_route=\/wp\/v2\/pages\/47\/revisions\/249"}],"wp:attachment":[{"href":"https:\/\/ozkanvinc.com\/index.php?rest_route=%2Fwp%2Fv2%2Fmedia&parent=47"}],"curies":[{"name":"wp","href":"https:\/\/api.w.org\/{rel}","templated":true}]}}