{"id":298,"date":"2024-09-23T12:51:12","date_gmt":"2024-09-23T12:51:12","guid":{"rendered":"http:\/\/ozkanvinc.com\/?page_id=298"},"modified":"2024-09-25T10:05:30","modified_gmt":"2024-09-25T10:05:30","slug":"stk-tek-kirisli-gezer-kopru-vincleri-hizli-teklif-istek-formu","status":"publish","type":"page","link":"https:\/\/ozkanvinc.com\/?page_id=298","title":{"rendered":"STK Tek Kiri\u015fli Gezer K\u00f6pr\u00fc Vin\u00e7leri \u2013 H\u0131zl\u0131 Teklif \u0130stek Formu"},"content":{"rendered":"\n<!DOCTYPE html>\n<html lang=\"tr\">\n<head>\n    <meta charset=\"UTF-8\">\n    <meta name=\"viewport\" content=\"width=device-width, initial-scale=1.0\">\n    <title>STK Tek Kiri\u015fli Gezer K\u00f6pr\u00fc Vin\u00e7leri \u2013 H\u0131zl\u0131 Teklif \u0130stek Formu<\/title>\n    <style>\n        * {\n            box-sizing: border-box;\n        }\n\n        body {\n            font-family: Arial, sans-serif;\n            background-color: #f4f4f4;\n            margin: 0;\n            padding: 20px;\n        }\n\n        .form-container {\n            max-width: 1200px;\n            margin: 0 auto;\n            padding: 20px;\n            background-color: #fff;\n            border-radius: 8px;\n            box-shadow: 0 0 10px rgba(0, 0, 0, 0.1);\n        }\n\n        .row {\n            display: flex;\n            justify-content: space-between;\n            margin-bottom: 20px;\n        }\n\n        .col {\n            flex: 1;\n            margin: 0 10px;\n        }\n\n        h1 {\n            text-align: center;\n            color: #333;\n        }\n\n        label {\n            display: block;\n            margin: 10px 0 5px;\n            font-weight: bold;\n        }\n\n        input[type=\"text\"], input[type=\"email\"], input[type=\"tel\"], input[type=\"number\"], textarea {\n            width: 100%;\n            padding: 10px;\n            margin-bottom: 15px;\n            border: 1px solid #ccc;\n            border-radius: 4px;\n        }\n\n        input[type=\"checkbox\"], input[type=\"radio\"] {\n            margin-right: 10px;\n        }\n\n        .section-title {\n            font-size: 18px;\n            margin-top: 20px;\n        }\n\n        .options {\n            margin: 10px 0;\n        }\n\n        button {\n            width: 100%;\n            padding: 10px;\n            background-color: #28a745;\n            color: #fff;\n            border: none;\n            border-radius: 4px;\n            cursor: pointer;\n        }\n\n        button:hover {\n            background-color: #218838;\n        }\n\n        .image-container {\n            text-align: center;\n            margin: 20px 0;\n        }\n\n        .image-container img {\n            width: 100%;\n            max-width: 600px;\n            height: auto;\n        }\n\n        .two-columns {\n            display: flex;\n            justify-content: space-between;\n        }\n\n        .two-columns .col {\n            flex: 1;\n            margin-right: 10px;\n        }\n\n        .two-columns .col:last-child {\n            margin-right: 0;\n        }\n    <\/style>\n<\/head>\n<body>\n    <div class=\"form-container\">\n        <h1>STK Tek Kiri\u015fli Gezer K\u00f6pr\u00fc Vin\u00e7leri \u2013 H\u0131zl\u0131 Teklif \u0130stek Formu<\/h1>\n        \n        <!-- Firma Bilgileri -->\n        <div class=\"row\">\n            <div class=\"col\">\n                <h3>Firma Bilgilerimiz<\/h3>\n                <p><strong>\u00d6ZKAN CRANE MAK\u0130NALARI SAN.T\u0130C.LTD.\u015eT\u0130.<\/strong><\/p>\n                <p>Adres: Organize Sanayi B\u00f6lgesi DEM\u0130RC\u0130LER SAN. S\u0130T. C3 BLOK NO:227\/B \u0130kitelli 34490 Ba\u015fak\u015fehir &#8211; \u0130STANBUL<\/p>\n                <p>Telefon:+90 0212 550 52 32 &#038; 0212 332 32 52 &#038; 0212 407 03 77<\/p>\n                <p>E-posta: info@ozkanvinc.com<\/p>\n                <p><strong>Web:<\/strong> www.ozkanvinc.com<\/p>\n            <\/div>\n\n            <div class=\"col\">\n                <h3>Teklif \u0130steyen Firma Bilgileri<\/h3>\n                <label for=\"firma\">Firma:<\/label>\n                <input type=\"text\" id=\"firma\" name=\"firma\" required>\n\n                <label for=\"adres\">Adres:<\/label>\n                <input type=\"text\" id=\"adres\" name=\"adres\" required>\n\n                <label for=\"yetkili\">Yetkili:<\/label>\n                <input type=\"text\" id=\"yetkili\" name=\"yetkili\" required>\n\n                <label for=\"email\">E-posta:<\/label>\n                <input type=\"email\" id=\"email\" name=\"email\" required>\n\n                <label for=\"telefon\">Telefon:<\/label>\n                <input type=\"tel\" id=\"telefon\" name=\"telefon\" required>\n\n                <label for=\"faks\">Faks:<\/label>\n                <input type=\"tel\" id=\"faks\" name=\"faks\">\n            <\/div>\n        <\/div>\n\n        <!-- Resim Alan\u0131 -->\n        <div class=\"image-full\">\n            <img decoding=\"async\" src=\"http:\/\/ozkanvinc.com\/wp-content\/uploads\/2024\/09\/stk.png\" alt=\"STK Vin\u00e7\">\n        <\/div>\n\n        <!-- Genel Bilgiler ve Se\u00e7enekli Form (\u0130ki S\u00fctun) -->\n        <div class=\"section-title\">Genel Bilgiler<\/div>\n        <div class=\"two-columns\">\n            <div class=\"col\">\n                <label for=\"kapasite\">Kald\u0131rma Kapasitesi (kg):<\/label>\n                <input type=\"number\" id=\"kapasite\" name=\"kapasite\" required>\n\n                <label for=\"ray_acikligi\">Vin\u00e7 Ray A\u00e7\u0131kl\u0131\u011f\u0131 (mm):<\/label>\n                <input type=\"number\" id=\"ray_acikligi\" name=\"ray_acikligi\" required>\n\n                <label for=\"yukseklik\">Kald\u0131rma Y\u00fcksekli\u011fi (mm):<\/label>\n                <input type=\"number\" id=\"yukseklik\" name=\"yukseklik\" required>\n\n                <label for=\"kaldirma_hizi\">Kald\u0131rma H\u0131z\u0131 (m\/dak):<\/label>\n                <input type=\"number\" id=\"kaldirma_hizi\" name=\"kaldirma_hizi\">\n\n                <label for=\"araba_yurutme_hizi\">Araba Y\u00fcr\u00fctme H\u0131z\u0131 (m\/dak):<\/label>\n                <input type=\"number\" id=\"araba_yurutme_hizi\" name=\"araba_yurutme_hizi\">\n            <\/div>\n\n            <div class=\"col\">\n                <label for=\"kopru_yurutme_hizi\">K\u00f6pr\u00fc Y\u00fcr\u00fctme H\u0131z\u0131 (m\/dak):<\/label>\n                <input type=\"number\" id=\"kopru_yurutme_hizi\" name=\"kopru_yurutme_hizi\">\n\n                <label for=\"yuruyus_uzunlugu\">Y\u00fcr\u00fcy\u00fc\u015f Yolu Uzunlu\u011fu (m):<\/label>\n                <input type=\"number\" id=\"yuruyus_uzunlugu\" name=\"yuruyus_uzunlugu\">\n\n                <label for=\"aski_destek\">Ask\u0131 Destekleri Aras\u0131 Mesafe (m):<\/label>\n                <input type=\"number\" id=\"aski_destek\" name=\"aski_destek\">\n\n                <label for=\"profil_tipi\">Y\u00fcr\u00fcy\u00fc\u015f Yolu Profil Tipi:<\/label>\n                <input type=\"text\" id=\"profil_tipi\" name=\"profil_tipi\">\n\n                <label for=\"profil_olcusu\">Profil \u00d6l\u00e7\u00fcleri (B\u2022H mm):<\/label>\n                <input type=\"text\" id=\"profil_olcusu\" name=\"profil_olcusu\">\n            <\/div>\n        <\/div>\n\n        <!-- Se\u00e7enekler (\u0130ki S\u00fctun) -->\n        <div class=\"section-title\">Opsiyonel Bilgiler<\/div>\n        <div class=\"two-columns\">\n            <div class=\"col\">\n                <label>Vin\u00e7 Enerji Besleme Sistemi<\/label>\n                <div class=\"options\">\n                    <input type=\"radio\" id=\"busbar\" name=\"enerji_sistemi\" value=\"busbar\">\n                    <label for=\"busbar\">Busbar Sistemi<\/label>\n\n                    <input type=\"radio\" id=\"c_ray\" name=\"enerji_sistemi\" value=\"c_ray\">\n                    <label for=\"c_ray\">C-Ray Korni\u015f Sistemi<\/label>\n\n                    <input type=\"radio\" id=\"gergi_halatli\" name=\"enerji_sistemi\" value=\"gergi_halatli\">\n                    <label for=\"gergi_halatli\">Gergi Halatl\u0131 Sistem<\/label>\n\n                    <input type=\"radio\" id=\"enerji_hayir\" name=\"enerji_sistemi\" value=\"hayir\">\n                    <label for=\"enerji_hayir\">Hay\u0131r, Teklif veriniz<\/label>\n                <\/div>\n            <\/div>\n\n            <div class=\"col\">\n                <label>\u00c7al\u0131\u015fma Ortam\u0131<\/label>\n                <div class=\"options\">\n                    <input type=\"radio\" id=\"bina_ici\" name=\"calisma_ortami\" value=\"bina_ici\">\n                    <label for=\"bina_ici\">Bina \u0130\u00e7i<\/label>\n\n                    <input type=\"radio\" id=\"bina_disi\" name=\"calisma_ortami\" value=\"bina_disi\">\n                    <label for=\"bina_disi\">Bina D\u0131\u015f\u0131<\/label>\n\n                    <input type=\"radio\" id=\"her_ikisi\" name=\"calisma_ortami\" value=\"her_ikisi\">\n                    <label for=\"her_ikisi\">Bina \u0130\u00e7i &#038; Bina D\u0131\u015f\u0131<\/label>\n                <\/div>\n            <\/div>\n        <\/div>\n\n        <!-- Di\u011fer Se\u00e7enekler -->\n        <div class=\"section-title\">Di\u011fer Se\u00e7enekler<\/div>\n        <div class=\"two-columns\">\n            <div class=\"col\">\n                <label>A\u015f\u0131r\u0131 Y\u00fck Limit Sistemi<\/label>\n                <div class=\"options\">\n                    <input type=\"radio\" id=\"yuk_limit_evet\" name=\"yuk_limit\" value=\"evet\">\n                    <label for=\"yuk_limit_evet\">Evet, Teklif veriniz<\/label>\n\n                    <input type=\"radio\" id=\"yuk_limit_hayir\" name=\"yuk_limit\" value=\"hayir\">\n                    <label for=\"yuk_limit_hayir\">Hay\u0131r<\/label>\n                <\/div>\n\n                <label>Kademesiz H\u0131z Kontrol\u00fc<\/label>\n                <div class=\"options\">\n                    <input type=\"radio\" id=\"hiz_kontrol_evet\" name=\"hiz_kontrol\" value=\"evet\">\n                    <label for=\"hiz_kontrol_evet\">Evet, Teklif veriniz<\/label>\n\n                    <input type=\"radio\" id=\"hiz_kontrol_hayir\" name=\"hiz_kontrol\" value=\"hayir\">\n                    <label for=\"hiz_kontrol_hayir\">Hay\u0131r<\/label>\n                <\/div>\n            <\/div>\n\n            <div class=\"col\">\n                <label>Araba Y\u00fcr\u00fctme S\u0131n\u0131r Limiti<\/label>\n                <div class=\"options\">\n                    <input type=\"radio\" id=\"araba_limit_evet\" name=\"araba_limit\" value=\"evet\">\n                    <label for=\"araba_limit_evet\">Evet, Teklif veriniz<\/label>\n\n                    <input type=\"radio\" id=\"araba_limit_hayir\" name=\"araba_limit\" value=\"hayir\">\n                    <label for=\"araba_limit_hayir\">Hay\u0131r<\/label>\n                <\/div>\n\n                <label>K\u00f6pr\u00fc Y\u00fcr\u00fctme S\u0131n\u0131r Limiti<\/label>\n                <div class=\"options\">\n                    <input type=\"radio\" id=\"kopru_limit_evet\" name=\"kopru_limit\" value=\"evet\">\n                    <label for=\"kopru_limit_evet\">Evet, Teklif veriniz<\/label>\n\n                    <input type=\"radio\" id=\"kopru_limit_hayir\" name=\"kopru_limit\" value=\"hayir\">\n                    <label for=\"kopru_limit_hayir\">Hay\u0131r<\/label>\n                <\/div>\n\n                <label>\u00c7arp\u0131\u015fma \u00d6nleme Sistemi<\/label>\n                <div class=\"options\">\n                    <input type=\"radio\" id=\"carpisma_onleme_evet\" name=\"carpisma_onleme\" value=\"evet\">\n                    <label for=\"carpisma_onleme_evet\">Evet, Teklif veriniz<\/label>\n\n                    <input type=\"radio\" id=\"carpisma_onleme_hayir\" name=\"carpisma_onleme\" value=\"hayir\">\n                    <label for=\"carpisma_onleme_hayir\">Hay\u0131r<\/label>\n                <\/div>\n            <\/div>\n        <\/div>\n\n        <button type=\"submit\" formaction=\"mailto:info@ozkanvinc.com\">G\u00f6nder<\/button>\n    <\/div>\n<\/body>\n<\/html>\n","protected":false},"excerpt":{"rendered":"<p>STK Tek Kiri\u015fli Gezer K\u00f6pr\u00fc Vin\u00e7leri \u2013 H\u0131zl\u0131 Teklif \u0130stek Formu STK Tek Kiri\u015fli Gezer K\u00f6pr\u00fc Vin\u00e7leri \u2013 H\u0131zl\u0131 Teklif \u0130stek Formu Firma Bilgilerimiz \u00d6ZKAN CRANE MAK\u0130NALARI SAN.T\u0130C.LTD.\u015eT\u0130. Adres: Organize Sanayi B\u00f6lgesi DEM\u0130RC\u0130LER SAN. S\u0130T. C3 BLOK NO:227\/B \u0130kitelli 34490 Ba\u015fak\u015fehir &#8211; \u0130STANBUL Telefon:+90 0212 550 52 32 &#038; 0212 332 32 52 &#038; 0212 [&hellip;]<\/p>\n","protected":false},"author":1,"featured_media":0,"parent":0,"menu_order":0,"comment_status":"closed","ping_status":"closed","template":"","meta":{"footnotes":""},"class_list":["post-298","page","type-page","status-publish","hentry"],"_links":{"self":[{"href":"https:\/\/ozkanvinc.com\/index.php?rest_route=\/wp\/v2\/pages\/298","targetHints":{"allow":["GET"]}}],"collection":[{"href":"https:\/\/ozkanvinc.com\/index.php?rest_route=\/wp\/v2\/pages"}],"about":[{"href":"https:\/\/ozkanvinc.com\/index.php?rest_route=\/wp\/v2\/types\/page"}],"author":[{"embeddable":true,"href":"https:\/\/ozkanvinc.com\/index.php?rest_route=\/wp\/v2\/users\/1"}],"replies":[{"embeddable":true,"href":"https:\/\/ozkanvinc.com\/index.php?rest_route=%2Fwp%2Fv2%2Fcomments&post=298"}],"version-history":[{"count":3,"href":"https:\/\/ozkanvinc.com\/index.php?rest_route=\/wp\/v2\/pages\/298\/revisions"}],"predecessor-version":[{"id":320,"href":"https:\/\/ozkanvinc.com\/index.php?rest_route=\/wp\/v2\/pages\/298\/revisions\/320"}],"wp:attachment":[{"href":"https:\/\/ozkanvinc.com\/index.php?rest_route=%2Fwp%2Fv2%2Fmedia&parent=298"}],"curies":[{"name":"wp","href":"https:\/\/api.w.org\/{rel}","templated":true}]}}