{"id":254,"date":"2024-09-18T15:00:45","date_gmt":"2024-09-18T15:00:45","guid":{"rendered":"http:\/\/ozkanvinc.com\/?page_id=254"},"modified":"2024-09-25T10:04:01","modified_gmt":"2024-09-25T10:04:01","slug":"plt-serisi-kaldirma-unitesi-hizli-teklif-istek-formu-2","status":"publish","type":"page","link":"https:\/\/ozkanvinc.com\/?page_id=254","title":{"rendered":"VR Serisi Kald\u0131rma \u00dcnitesi                                     H\u0131zl\u0131 Teklif \u0130stek Formu"},"content":{"rendered":"\n<!DOCTYPE html>\n<html lang=\"tr\">\n<head>\n    <meta charset=\"UTF-8\">\n    <meta name=\"viewport\" content=\"width=device-width, initial-scale=1.0\">\n    <title>H\u0131zl\u0131 Teklif \u0130stek Formu<\/title>\n    <style>\n        \/* CSS kodlar\u0131n\u0131 buraya ekleyin *\/\n        .form-container {\n            display: flex;\n            justify-content: space-between;\n            flex-wrap: wrap;\n        }\n        .form-column {\n            flex: 0 0 48%;\n            margin-bottom: 20px;\n        }\n        label {\n            display: block;\n            margin-bottom: 8px;\n            font-weight: bold;\n        }\n        input, select {\n            width: 100%;\n            padding: 8px;\n            margin-bottom: 12px;\n            border: 1px solid #ccc;\n            border-radius: 4px;\n        }\n        .firma-info {\n            background-color: #f9f9f9;\n            padding: 20px;\n            border: 1px solid #ccc;\n            border-radius: 4px;\n        }\n        h3 {\n            text-align: center;\n            color: #333;\n        }\n        .submit-btn {\n            width: 100%;\n            padding: 10px;\n            background-color: #007bff;\n            color: white;\n            border: none;\n            border-radius: 4px;\n            cursor: pointer;\n            font-size: 16px;\n        }\n        .submit-btn:hover {\n            background-color: #0056b3;\n        }\n    <\/style>\n<\/head>\n<body>\n    <form action=\"form.php\" method=\"post\">\n        <div class=\"form-container\">\n            <div class=\"form-column\">\n                <h3>Firma Bilgileriniz<\/h3>\n                <label for=\"firma\">Firma:<\/label>\n                <input type=\"text\" id=\"firma\" name=\"firma\" required>\n\n                <label for=\"adres\">Adres:<\/label>\n                <input type=\"text\" id=\"adres\" name=\"adres\" required>\n\n                <label for=\"yetkili\">Yetkili:<\/label>\n                <input type=\"text\" id=\"yetkili\" name=\"yetkili\" required>\n\n                <label for=\"email\">E-posta:<\/label>\n                <input type=\"email\" id=\"email\" name=\"email\" required>\n\n                <label for=\"telefon\">Telefon:<\/label>\n                <input type=\"text\" id=\"telefon\" name=\"telefon\" required>\n\n                <label for=\"faks\">Faks:<\/label>\n                <input type=\"text\" id=\"faks\" name=\"faks\">\n            <\/div>\n\n            <div class=\"form-column firma-info\">\n                <h3>Firmam\u0131z\u0131n Bilgileri<\/h3>\n                <p><strong>\u00d6ZKAN CRANE MAK\u0130NALARI SAN.T\u0130C.LTD.\u015eT\u0130.<\/strong><\/p>\n                <p>Organize Sanayi B\u00f6lgesi, DEM\u0130RC\u0130LER SAN. S\u0130T. C3 BLOK NO:227\/B, \u0130kitelli 34490 Ba\u015fak\u015fehir &#8211; \u0130STANBUL<\/p>\n                <p><strong>Telefon:<\/strong> +90 0212 550 52 32 &#038; 0212 332 32 52 &#038; 0212 407 03 77<\/p>\n                <p><strong>E-posta:<\/strong> info@ozkanvinc.com<\/p>\n                <p><strong>Web:<\/strong> www.ozkanvinc.com<\/p>\n            <\/div>\n        <\/div>\n\n        <div class=\"form-container\">\n            <div class=\"form-column\">\n                <h3>Genel Bilgiler<\/h3>\n                <label for=\"unit_sayisi\">Kald\u0131rma \u00dcnitesi Say\u0131s\u0131 (Adet):<\/label>\n                <input type=\"number\" id=\"unit_sayisi\" name=\"unit_sayisi\" required>\n\n                <label for=\"kapasite\">Kald\u0131rma Kapasitesi (kg):<\/label>\n                <input type=\"number\" id=\"kapasite\" name=\"kapasite\" required>\n\n                <label for=\"yukseklik\">Kald\u0131rma Y\u00fcksekli\u011fi (mm):<\/label>\n                <input type=\"number\" id=\"yukseklik\" name=\"yukseklik\" required>\n\n                <label for=\"gunluk_sure\">G\u00fcnl\u00fck Ger\u00e7ek \u00c7al\u0131\u015fma S\u00fcresi (saat):<\/label>\n                <input type=\"number\" id=\"gunluk_sure\" name=\"gunluk_sure\" required>\n            <\/div>\n\n            <div class=\"form-column\">\n                <h3>Elektrik Verileri ve Kald\u0131rma \u00dcnitesi Tasar\u0131m\u0131<\/h3>\n                <label for=\"voltaj\">\u0130\u015fletim Voltaj\u0131 (V):<\/label>\n                <input type=\"number\" id=\"voltaj\" name=\"voltaj\" required>\n\n                <label for=\"frekans\">Frekans (Hz):<\/label>\n                <input type=\"number\" id=\"frekans\" name=\"frekans\" required>\n\n                <label for=\"kumanda_voltaj\">Kumanda Voltaj\u0131 (V):<\/label>\n                <input type=\"number\" id=\"kumanda_voltaj\" name=\"kumanda_voltaj\" required><br><br>\n\n                <label for=\"tasarim\">Kald\u0131rma \u00dcnitesi Tipi:<\/label><br>\n                <input type=\"radio\" id=\"sabit\" name=\"tasarim\" value=\"Sabit Tip Ayak Ba\u011flant\u0131l\u0131\">\n                <label for=\"sabit\">Sabit Tip Ayak Ba\u011flant\u0131l\u0131<\/label><br>\n                <input type=\"radio\" id=\"monoray\" name=\"tasarim\" value=\"Standard Monoray\">\n                <label for=\"monoray\">Standard Monoray<\/label><br>\n                <input type=\"radio\" id=\"alcak\" name=\"tasarim\" value=\"Al\u00e7ak Tavan Monoray\">\n                <label for=\"alcak\">Al\u00e7ak Tavan Monoray<\/label><br>\n                <input type=\"radio\" id=\"cift_kirisli\" name=\"tasarim\" value=\"\u00c7ift Kiri\u015fli Gezer K\u00f6pr\u00fc Arabas\u0131\">\n                <label for=\"cift_kirisli\">\u00c7ift Kiri\u015fli Gezer K\u00f6pr\u00fc Arabas\u0131<\/label><br>\n            <\/div>\n        <\/div>\n\n        <div class=\"form-container\">\n            <div class=\"form-column\">\n                <h3>Y\u00fcr\u00fcy\u00fc\u015f Yolu Bilgileri<\/h3>\n                <label for=\"yuruyus_yolu\">Y\u00fcr\u00fcy\u00fc\u015f Yolu Profil Tipi:<\/label>\n                <input type=\"text\" id=\"yuruyus_yolu\" name=\"yuruyus_yolu\">\n\n                <label for=\"flans_genislik\">Y\u00fcr\u00fcy\u00fc\u015f Yolu Flan\u015f Geni\u015fli\u011fi (mm):<\/label>\n                <input type=\"number\" id=\"flans_genislik\" name=\"flans_genislik\">\n\n                <label for=\"ray_genislik\">Ana Kiri\u015f Ray Geni\u015fli\u011fi (mm):<\/label>\n                <input type=\"number\" id=\"ray_genislik\" name=\"ray_genislik\">\n\n                <label for=\"yuruyus_uzunluk\">Y\u00fcr\u00fcy\u00fc\u015f Yolu Uzunlu\u011fu (m):<\/label>\n                <input type=\"number\" id=\"yuruyus_uzunluk\" name=\"yuruyus_uzunluk\">\n            <\/div>\n\n            <div class=\"form-column\">\n                <h3>Ek Bilgiler ve Opsiyonel \u00d6zellikler<\/h3>\n                <label for=\"kumanda_sistemi\">Kumanda Sistemi:<\/label><br>\n                <input type=\"radio\" id=\"buton\" name=\"kumanda_sistemi\" value=\"Kumanda Butonu\">\n                <label for=\"buton\">Kumanda Butonu<\/label><br>\n                <input type=\"radio\" id=\"radyo\" name=\"kumanda_sistemi\" value=\"Radyo Kumanda\">\n                <label for=\"radyo\">Radyo Kumanda<\/label><br><br>\n\n                <label for=\"kanca_tipi\">Kanca Tipi:<\/label><br>\n                <input type=\"radio\" id=\"tek_agizli\" name=\"kanca_tipi\" value=\"Tek A\u011f\u0131zl\u0131 Kanca\">\n                <label for=\"tek_agizli\">Tek A\u011f\u0131zl\u0131 Kanca<\/label><br>\n                <input type=\"radio\" id=\"cift_agizli\" name=\"kanca_tipi\" value=\"\u00c7ift A\u011f\u0131zl\u0131 Kanca\">\n                <label for=\"cift_agizli\">\u00c7ift A\u011f\u0131zl\u0131 Kanca<\/label><br><br>\n\n                <label for=\"teklif_iste\">Teklif \u0130stiyor musunuz?<\/label><br>\n                <input type=\"radio\" id=\"fiyat\" name=\"teklif_iste\" value=\"Fiyat Teklifi G\u00f6nderin\">\n                <label for=\"fiyat\">Fiyat Teklifi G\u00f6nderin<\/label><br>\n                <input type=\"radio\" id=\"soru\" name=\"teklif_iste\" value=\"Sorular\u0131m\u0131z Var, L\u00fctfen Aray\u0131n\">\n                <label for=\"soru\">Ba\u015fka sorular\u0131m\u0131z var, L\u00fctfen Bizi Aray\u0131n<\/label><br>\n            <\/div>\n        <\/div>\n\n        <button type=\"submit\" class=\"submit-btn\">G\u00f6nder<\/button>\n    <\/form>\n<\/body>\n<\/html>\n","protected":false},"excerpt":{"rendered":"<p>H\u0131zl\u0131 Teklif \u0130stek Formu Firma Bilgileriniz Firma: Adres: Yetkili: E-posta: Telefon: Faks: Firmam\u0131z\u0131n Bilgileri \u00d6ZKAN CRANE MAK\u0130NALARI SAN.T\u0130C.LTD.\u015eT\u0130. Organize Sanayi B\u00f6lgesi, DEM\u0130RC\u0130LER SAN. S\u0130T. C3 BLOK NO:227\/B, \u0130kitelli 34490 Ba\u015fak\u015fehir &#8211; \u0130STANBUL Telefon: +90 0212 550 52 32 &#038; 0212 332 32 52 &#038; 0212 407 03 77 E-posta: info@ozkanvinc.com Web: www.ozkanvinc.com Genel Bilgiler Kald\u0131rma [&hellip;]<\/p>\n","protected":false},"author":1,"featured_media":0,"parent":0,"menu_order":0,"comment_status":"closed","ping_status":"closed","template":"","meta":{"footnotes":""},"class_list":["post-254","page","type-page","status-publish","hentry"],"_links":{"self":[{"href":"https:\/\/ozkanvinc.com\/index.php?rest_route=\/wp\/v2\/pages\/254","targetHints":{"allow":["GET"]}}],"collection":[{"href":"https:\/\/ozkanvinc.com\/index.php?rest_route=\/wp\/v2\/pages"}],"about":[{"href":"https:\/\/ozkanvinc.com\/index.php?rest_route=\/wp\/v2\/types\/page"}],"author":[{"embeddable":true,"href":"https:\/\/ozkanvinc.com\/index.php?rest_route=\/wp\/v2\/users\/1"}],"replies":[{"embeddable":true,"href":"https:\/\/ozkanvinc.com\/index.php?rest_route=%2Fwp%2Fv2%2Fcomments&post=254"}],"version-history":[{"count":6,"href":"https:\/\/ozkanvinc.com\/index.php?rest_route=\/wp\/v2\/pages\/254\/revisions"}],"predecessor-version":[{"id":318,"href":"https:\/\/ozkanvinc.com\/index.php?rest_route=\/wp\/v2\/pages\/254\/revisions\/318"}],"wp:attachment":[{"href":"https:\/\/ozkanvinc.com\/index.php?rest_route=%2Fwp%2Fv2%2Fmedia&parent=254"}],"curies":[{"name":"wp","href":"https:\/\/api.w.org\/{rel}","templated":true}]}}