{"id":165,"date":"2024-09-05T07:58:38","date_gmt":"2024-09-05T07:58:38","guid":{"rendered":"http:\/\/ozkanvinc.com\/?page_id=165"},"modified":"2024-09-05T11:16:10","modified_gmt":"2024-09-05T11:16:10","slug":"cift-kirisli-tam-portal-vincler","status":"publish","type":"page","link":"https:\/\/ozkanvinc.com\/?page_id=165","title":{"rendered":"\u00c7ift Kiri\u015fli Tam Portal Vin\u00e7ler"},"content":{"rendered":"\n<p><strong>SCK\/TP \u2013 \u00c7ift Kiri\u015fli Tam Portal Vin\u00e7ler<\/strong><\/p>\n\n\n\n<ul class=\"wp-block-list\">\n<li><strong>\u0130lave y\u00fcr\u00fcy\u00fc\u015f yoluna gerek olmayan ba\u011f\u0131ms\u0131z \u00e7al\u0131\u015fma \u00f6zelli\u011fi<\/strong><\/li>\n\n\n\n<li><strong>Bir seviyeden ba\u011f\u0131ms\u0131z \u00e7al\u0131\u015fma \u00f6zelli\u011fi<\/strong><\/li>\n\n\n\n<li><strong>Bina d\u0131\u015f\u0131-a\u00e7\u0131k saha depolama alanlar\u0131n\u0131zda da \u00e7al\u0131\u015fma \u00f6zelli\u011fi<\/strong><\/li>\n\n\n\n<li><strong>D\u00fc\u015f\u00fck Maliyetli ve Ekonomik A\u00e7\u0131k Saha \u00c7\u00f6z\u00fcmleri<\/strong><\/li>\n\n\n\n<li><strong>Maksimum 50 ton kald\u0131rma kapasitesi ve maksimum 35 m ray a\u00e7\u0131kl\u0131\u011f\u0131<\/strong><\/li>\n<\/ul>\n\n\n\n<p>\u00d6ZKAN tam portal vin\u00e7leri, mevcut \u00fcretim tesisleri i\u00e7erisine ve tesis i\u00e7erisindeki ta\u015f\u0131ma faaliyetlerinize k\u00fc\u00e7\u00fck tasar\u0131m \u00e7al\u0131\u015fmalar\u0131yla rahatl\u0131kla sa\u011flayacak \u00e7\u00f6z\u00fcm\u00fc temin ederler.<\/p>\n\n\n\n<p>Tam portal vin\u00e7ler, sahip olduklar\u0131 hareket dengeleme g\u00f6revi yapan mafsall\u0131 ayaklar\u0131 sayesinde yar\u0131 portal vin\u00e7lerden farkl\u0131l\u0131k g\u00f6sterirler.<\/p>\n\n\n\n<p>Genel \u00e7er\u00e7eve yap\u0131s\u0131n\u0131n bir par\u00e7as\u0131 olan y\u00fck ta\u015f\u0131y\u0131c\u0131 ana kiri\u015fler, u\u00e7 taraflarda bulunan ayaklarla birlikte komple gezer k\u00f6pr\u00fcy\u00fc meydana getirmektedir.<\/p>\n\n\n\n<p>Tam portal vin\u00e7ler, zemindeki raylar \u00fczerinde y\u00fcr\u00fcd\u00fcklerinden dolay\u0131 \u00f6zel bir y\u00fcr\u00fcy\u00fc\u015f yoluna gereksinim ve ihtiya\u00e7 duymazlar.<\/p>\n\n\n\n<p>\u00d6ZKAN\u2019in \u00e7ift kiri\u015fli tam portal vin\u00e7leri genellikle bina d\u0131\u015f\u0131-a\u00e7\u0131k sahalardaki depolar ve y\u00fckleme alanlar\u0131n\u0131z\u0131 y\u00f6netmek i\u00e7in kullan\u0131l\u0131rlar.<\/p>\n\n\n\n<p>Tam portal vin\u00e7ler; genellikle bina d\u0131\u015f\u0131-a\u00e7\u0131k sahalarda, depolar ve y\u00fckleme alanlar\u0131nda tercih edilip kullan\u0131l\u0131rlar.<\/p>\n\n\n\n<p>Bu vin\u00e7 tipleri, 50 tona kadar olan kald\u0131rma kapasiteleri ve 35 metreye kadar olan ray a\u00e7\u0131kl\u0131klar\u0131 de\u011ferleri ile \u00d6ZKAN standart portal vin\u00e7leri aras\u0131nda s\u0131n\u0131f\u0131n\u0131n en b\u00fcy\u00fc\u011f\u00fcd\u00fcr.<\/p>\n\n\n\n<p>\u00c7ift kiri\u015fli tam portal vin\u00e7lerine; bak\u0131m platformlar\u0131, ula\u015f\u0131m merdivenleri ve araba y\u00fcr\u00fctme grubu eklenerek sistem tam olarak olu\u015fturulabilmektedir.<\/p>\n\n\n\n<p>Vin\u00e7lerde g\u00fc\u00e7 beslemesi, ayaklardan birini monte edilen kablo tamburlar\u0131 ile sa\u011flanmaktad\u0131r.<\/p>\n\n\n\n<p>A\u00e7\u0131k saha ve bina d\u0131\u015f\u0131 \u00e7al\u0131\u015fmalar i\u00e7in tasar\u0131m\u0131 yap\u0131lan vin\u00e7lerimiz ile opsiyonel radyo kumanda \u00fcnitelerimiz; y\u00fcklerinizi g\u00fcvenli, kolay ve daha rahat \u015fekilde ta\u015f\u0131man\u0131za olanak sa\u011flar.<\/p>\n\n\n\n<p>Bu vin\u00e7lerin uygun olmayan f\u0131rt\u0131nal\u0131 hava \u015fartlar\u0131nda zarar g\u00f6rmelerini engellemek i\u00e7in, ray kelep\u00e7eleri vas\u0131tas\u0131yla h\u0131zl\u0131 ve g\u00fcvenli \u015fekilde yerinde kilitlenme \u00f6zelli\u011fine sahiptir.<\/p>\n\n\n\n<p>Vin\u00e7 operat\u00f6r\u00fcn\u00fcn vince yak\u0131n ve g\u00fcvenli \u015fekilde hareket olana\u011f\u0131n\u0131 sa\u011flamak i\u00e7in bizler opsiyonel olan radyo kumanda sisteminin kullan\u0131lmas\u0131n\u0131 tavsiye ediyoruz.<\/p>\n\n\n\n<p>Maksimum ray a\u00e7\u0131kl\u0131\u011f\u0131 30 m de\u011ferine kadar uzanan Tam portal vin\u00e7ler; genellikle bina d\u0131\u015f\u0131-a\u00e7\u0131k sahalarda, depolar ve y\u00fckleme alanlar\u0131nda tercih edilip kullan\u0131l\u0131rlar.<\/p>\n\n\n\n<p><strong>Avantajlar ve \u00d6zellikler:<\/strong><\/p>\n\n\n\n<ul class=\"wp-block-list\">\n<li>\u0130lave olarak y\u00fcr\u00fcy\u00fc\u015f yoluna gerek olmayan ba\u011f\u0131ms\u0131z \u00e7al\u0131\u015fma ve i\u015fletme \u00f6zelli\u011fi<\/li>\n\n\n\n<li>\u00c7ift kiri\u015fli tam portal vin\u00e7lerine; bak\u0131m platformlar\u0131, ula\u015f\u0131m merdivenleri ve araba y\u00fcr\u00fctme grubu eklenerek sistem tam olarak olu\u015fturulabilmektedir.<\/li>\n\n\n\n<li>Ayn\u0131 zamanda bina i\u00e7erisindeki lojistik uygulama \u00e7\u00f6z\u00fcmleriniz i\u00e7in d\u00fc\u015f\u00fck maliyetli, ekonomik ve en ideal tamamlay\u0131c\u0131 g\u00f6revi de \u00fcstlenirler.<\/li>\n\n\n\n<li>Kumanda butonu veya radyo kumanda ile \u00e7al\u0131\u015fma olana\u011f\u0131<\/li>\n\n\n\n<li>Ayn\u0131 araba grubu \u00fczerinde ana-yard\u0131mc\u0131 olmak \u00fczere iki kald\u0131rma \u00fcnitesi veya ayn\u0131 k\u00f6pr\u00fc \u00fczerinde iki farkl\u0131 araba grubu ile donat\u0131labilme se\u00e7ene\u011fi.<\/li>\n\n\n\n<li>Genel olarak bu vin\u00e7lerde g\u00fc\u00e7 beslemesi, ayaklardan birini monte edilen kablo tamburlar\u0131 ile sa\u011flanmaktad\u0131r.<\/li>\n<\/ul>\n\n\n\n<p>Opsiyonel olarak f\u0131rt\u0131nal\u0131 hava \u015fartlar\u0131nda sistemin zarar g\u00f6rmesini engelleyici vinci kilitlemeye yarayan ray kelep\u00e7esi se\u00e7ene\u011fi<\/p>\n\n\n\n<div class=\"wp-block-group is-nowrap is-layout-flex wp-container-core-group-is-layout-ad2f72ca wp-block-group-is-layout-flex\">\n<figure class=\"wp-block-image size-full is-resized\"><img loading=\"lazy\" decoding=\"async\" width=\"440\" height=\"310\" src=\"http:\/\/ozkanvinc.com\/wp-content\/uploads\/2024\/09\/cktp.jpg\" alt=\"\" class=\"wp-image-236\" style=\"width:261px;height:auto\" srcset=\"https:\/\/ozkanvinc.com\/wp-content\/uploads\/2024\/09\/cktp.jpg 440w, https:\/\/ozkanvinc.com\/wp-content\/uploads\/2024\/09\/cktp-300x211.jpg 300w\" sizes=\"auto, (max-width: 440px) 100vw, 440px\" \/><\/figure>\n\n\n\n<figure class=\"wp-block-table\"><table class=\"has-fixed-layout\"><tbody><tr><td colspan=\"2\"><strong>\u00d6ZKAN V\u0130N\u00c7 \u2013 SCK\/TP<\/strong> <strong>\u00c7ift Kiri\u015fli Tam Portal Vin\u00e7<\/strong><\/td><\/tr><tr><td colspan=\"2\"><strong>TEKN\u0130K VER\u0130LER<\/strong><\/td><\/tr><tr><td><strong>Maks. Kald\u0131rma Kapasitesi&nbsp; &#8211;&nbsp; Q<\/strong><\/td><td>50 t<\/td><\/tr><tr><td><strong>Maks. Ray A\u00e7\u0131kl\u0131\u011f\u0131&nbsp; &#8211;&nbsp; LKr<\/strong><\/td><td>35 m<\/td><\/tr><tr><td><strong>Ayak Y\u00fcksekli\u011fi&nbsp; &#8211;&nbsp; A<\/strong><\/td><td>6, 8, 10, 12, 14 m<\/td><\/tr><tr><td colspan=\"2\"><strong>Di\u011fer \u00f6zellikler, iste\u011fe ba\u011fl\u0131 olarak \u00fcretilmektedir<\/strong><\/td><\/tr><\/tbody><\/table><\/figure>\n<\/div>\n\n\n<div class=\"wp-block-image\">\n<figure class=\"aligncenter size-full\"><img loading=\"lazy\" decoding=\"async\" width=\"582\" height=\"801\" src=\"http:\/\/ozkanvinc.com\/wp-content\/uploads\/2024\/09\/tk13.png\" alt=\"\" class=\"wp-image-237\" srcset=\"https:\/\/ozkanvinc.com\/wp-content\/uploads\/2024\/09\/tk13.png 582w, https:\/\/ozkanvinc.com\/wp-content\/uploads\/2024\/09\/tk13-218x300.png 218w\" sizes=\"auto, (max-width: 582px) 100vw, 582px\" \/><\/figure><\/div>","protected":false},"excerpt":{"rendered":"<p>SCK\/TP \u2013 \u00c7ift Kiri\u015fli Tam Portal Vin\u00e7ler \u00d6ZKAN tam portal vin\u00e7leri, mevcut \u00fcretim tesisleri i\u00e7erisine ve tesis i\u00e7erisindeki ta\u015f\u0131ma faaliyetlerinize k\u00fc\u00e7\u00fck tasar\u0131m \u00e7al\u0131\u015fmalar\u0131yla rahatl\u0131kla sa\u011flayacak \u00e7\u00f6z\u00fcm\u00fc temin ederler. Tam portal vin\u00e7ler, sahip olduklar\u0131 hareket dengeleme g\u00f6revi yapan mafsall\u0131 ayaklar\u0131 sayesinde yar\u0131 portal vin\u00e7lerden farkl\u0131l\u0131k g\u00f6sterirler. Genel \u00e7er\u00e7eve yap\u0131s\u0131n\u0131n bir par\u00e7as\u0131 olan y\u00fck ta\u015f\u0131y\u0131c\u0131 ana kiri\u015fler, [&hellip;]<\/p>\n","protected":false},"author":1,"featured_media":0,"parent":0,"menu_order":0,"comment_status":"closed","ping_status":"closed","template":"","meta":{"footnotes":""},"class_list":["post-165","page","type-page","status-publish","hentry"],"_links":{"self":[{"href":"https:\/\/ozkanvinc.com\/index.php?rest_route=\/wp\/v2\/pages\/165","targetHints":{"allow":["GET"]}}],"collection":[{"href":"https:\/\/ozkanvinc.com\/index.php?rest_route=\/wp\/v2\/pages"}],"about":[{"href":"https:\/\/ozkanvinc.com\/index.php?rest_route=\/wp\/v2\/types\/page"}],"author":[{"embeddable":true,"href":"https:\/\/ozkanvinc.com\/index.php?rest_route=\/wp\/v2\/users\/1"}],"replies":[{"embeddable":true,"href":"https:\/\/ozkanvinc.com\/index.php?rest_route=%2Fwp%2Fv2%2Fcomments&post=165"}],"version-history":[{"count":3,"href":"https:\/\/ozkanvinc.com\/index.php?rest_route=\/wp\/v2\/pages\/165\/revisions"}],"predecessor-version":[{"id":238,"href":"https:\/\/ozkanvinc.com\/index.php?rest_route=\/wp\/v2\/pages\/165\/revisions\/238"}],"wp:attachment":[{"href":"https:\/\/ozkanvinc.com\/index.php?rest_route=%2Fwp%2Fv2%2Fmedia&parent=165"}],"curies":[{"name":"wp","href":"https:\/\/api.w.org\/{rel}","templated":true}]}}