{"id":163,"date":"2024-09-05T07:58:15","date_gmt":"2024-09-05T07:58:15","guid":{"rendered":"http:\/\/ozkanvinc.com\/?page_id=163"},"modified":"2024-09-05T11:13:47","modified_gmt":"2024-09-05T11:13:47","slug":"cift-kirisli-yari-portal-vincler","status":"publish","type":"page","link":"https:\/\/ozkanvinc.com\/?page_id=163","title":{"rendered":"\u00c7ift Kiri\u015fli Yar\u0131 Portal Vin\u00e7ler"},"content":{"rendered":"\n<p><strong>SCK\/YP \u2013 \u00c7ift Kiri\u015fli Yar\u0131 Portal Vin\u00e7ler<\/strong><\/p>\n\n\n\n<ul class=\"wp-block-list\">\n<li><strong>\u00c7ok y\u00f6nl\u00fc, d\u00fc\u015f\u00fck maliyetli ve ekonomik kullan\u0131mlar\u0131n\u0131z i\u00e7in<\/strong><\/li>\n\n\n\n<li><strong>Lojistik uygulamalar\u0131n\u0131zdaki geni\u015f kapsaml\u0131 gereksinim ve ihtiya\u00e7lar\u0131n\u0131z i\u00e7in etkin ve verimli \u00e7\u00f6z\u00fcmler<\/strong><\/li>\n\n\n\n<li><strong>A\u00e7\u0131k havadaki depolama alanlar\u0131n\u0131zda da hizmet verebilme \u00f6zelli\u011fi<\/strong><\/li>\n\n\n\n<li><strong>Maksimum 50 ton kald\u0131rma kapasitesi ve maksimum 35 m ray a\u00e7\u0131kl\u0131\u011f\u0131<\/strong><\/li>\n<\/ul>\n\n\n\n<p>\u00d6ZKAN yar\u0131 portal vin\u00e7lerimiz; sadece d\u00fc\u015f\u00fck maliyetli ve ekonomik bir alternatif olmay\u0131p, yap\u0131sal nedenlerden \u00f6t\u00fcr\u00fc gezer k\u00f6pr\u00fc vinci kurulumunun \u00e7ok karma\u015f\u0131k veya imkans\u0131z oldu\u011fu yerlerde de \u00e7al\u0131\u015fmaya olanak sa\u011flar.<\/p>\n\n\n\n<p>Ayn\u0131 zamanda bina i\u00e7erisindeki lojistik uygulama \u00e7\u00f6z\u00fcmleriniz i\u00e7in en ideal tamamlay\u0131c\u0131 g\u00f6revi de \u00fcstlenirler.<\/p>\n\n\n\n<p>50 tona kadar olan kald\u0131rma kapasiteleri ve 35 metreye kadar olan ray a\u00e7\u0131kl\u0131klar\u0131 gibi daha g\u00fc\u00e7l\u00fc bir sistem gerektiren yerlerde kullan\u0131m\u0131n\u0131z i\u00e7in, \u00d6ZKAN \u00e7ift kiri\u015fli yar\u0131 portal vin\u00e7leri ve \u00d6ZKAN kald\u0131rma gruplar\u0131n\u0131 rahatl\u0131kla tavsiye ediyoruz.<\/p>\n\n\n\n<p>Bu vin\u00e7ler binan\u0131z\u0131n veya yap\u0131n\u0131z\u0131n bir duvar\u0131na gelecek \u015fekilde monte edilirler ve bunun yan\u0131s\u0131ra hem a\u00e7\u0131k saha-bina d\u0131\u015f\u0131 hem de kapal\u0131 saha-bina i\u00e7i \u00e7al\u0131\u015fmada kullan\u0131m i\u00e7in uygundurlar.<\/p>\n\n\n\n<p>\u00d6ZKAN \u00e7ift kiri\u015fli yar\u0131 portal vin\u00e7ler \u00fczerine eklenecek iki adet araba grubu sayesinde (\u00f6rne\u011fin sanayi presleriyle \u00e7al\u0131\u015fmalar\u0131n\u0131zdaki kal\u0131p de\u011fi\u015ftirme faaliyetleriniz gibi \u00e7al\u0131\u015fmalar\u0131n\u0131zda) operasyonlar\u0131n\u0131z\u0131 daha verimli yapman\u0131za olanak sa\u011flar.<\/p>\n\n\n\n<p>Bu yar\u0131 portal vin\u00e7ler ayn\u0131 zamanda ikinci seviyede sistemle b\u00fct\u00fcnle\u015ftirilmi\u015f bir \u00e7\u00f6z\u00fcm i\u00e7in s\u0131kl\u0131kla kullan\u0131lmaktad\u0131r.<\/p>\n\n\n\n<p>\u00c7ift kiri\u015fli yar\u0131 portal vin\u00e7lere opsiyonel bir \u00e7\u00f6z\u00fcm olarak eklenen, vin\u00e7 ve araba grubundan ba\u011f\u0131ms\u0131z \u015fekilde istenilen yerden kumanday\u0131 temin eden radyo kumanda \u00fcniteleri ile b\u00fcy\u00fck hacimli, a\u011f\u0131r ve hantal y\u00fcklerin daha h\u0131zl\u0131 ve daha g\u00fcvenli \u015fekilde ta\u015f\u0131nmas\u0131na olanak sa\u011flarlar.<\/p>\n\n\n\n<p><strong>Avantajlar ve \u00d6zellikler:<\/strong><\/p>\n\n\n\n<ul class=\"wp-block-list\">\n<li>Hem tek kiri\u015fli yar\u0131 portal vin\u00e7ler hem de \u00e7ift kiri\u015fli yar\u0131 portal vin\u00e7ler mevcuttur.<\/li>\n\n\n\n<li>Bina i\u00e7inde ve\/veya bina d\u0131\u015f\u0131nda, kapal\u0131 ve\/veya a\u00e7\u0131k saha da \u00e7al\u0131\u015fmaya olana\u011f\u0131<\/li>\n\n\n\n<li>Standart olarak maksimum 50 ton kald\u0131rma kapasitesi<\/li>\n\n\n\n<li>50 ton kald\u0131rma kapasitesi ve maksimum 35 m ray a\u00e7\u0131kl\u0131\u011f\u0131 teknik de\u011ferlerine ula\u015fan \u00e7ift kiri\u015fli yar\u0131 portal vin\u00e7ler<\/li>\n\n\n\n<li>Lojistik uygulama \u00e7\u00f6z\u00fcmleriniz i\u00e7in en ideal tamamlay\u0131c\u0131l\u0131k \u00f6zelli\u011fi<\/li>\n\n\n\n<li>Kumanda butonu veya radyo kumanda ile \u00e7al\u0131\u015fma olana\u011f\u0131<\/li>\n\n\n\n<li>Ayn\u0131 araba grubu \u00fczerinde ana-yard\u0131mc\u0131 olmak \u00fczere iki kald\u0131rma \u00fcnitesi veya ayn\u0131 k\u00f6pr\u00fc \u00fczerinde iki farkl\u0131 araba grubu ile donat\u0131labilme se\u00e7ene\u011fi.<\/li>\n\n\n\n<li>\u0130\u015fletme seviyesinde verimli ve etkin \u00e7\u00f6z\u00fcm<\/li>\n\n\n\n<li>K\u00fc\u00e7\u00fck \u00e7al\u0131\u015fma alanlar\u0131nda y\u00fcksek performans<\/li>\n<\/ul>\n\n\n\n<div class=\"wp-block-group is-nowrap is-layout-flex wp-container-core-group-is-layout-ad2f72ca wp-block-group-is-layout-flex\">\n<figure class=\"wp-block-image size-full is-resized\"><img loading=\"lazy\" decoding=\"async\" width=\"450\" height=\"310\" src=\"http:\/\/ozkanvinc.com\/wp-content\/uploads\/2024\/09\/ckyp.jpg\" alt=\"\" class=\"wp-image-232\" style=\"width:299px;height:auto\" srcset=\"https:\/\/ozkanvinc.com\/wp-content\/uploads\/2024\/09\/ckyp.jpg 450w, https:\/\/ozkanvinc.com\/wp-content\/uploads\/2024\/09\/ckyp-300x207.jpg 300w\" sizes=\"auto, (max-width: 450px) 100vw, 450px\" \/><\/figure>\n\n\n\n<figure class=\"wp-block-table\"><table class=\"has-fixed-layout\"><tbody><tr><td colspan=\"2\"><strong>\u00d6ZKAN V\u0130N\u00c7 \u2013 SCK\/YP<\/strong> <strong>\u00c7ift Kiri\u015fli Yar\u0131 Portal Vin\u00e7<\/strong><\/td><\/tr><tr><td colspan=\"2\"><strong>TEKN\u0130K VER\u0130LER<\/strong><\/td><\/tr><tr><td><strong>Maks. Kald\u0131rma Kapasitesi&nbsp; &#8211;&nbsp; Q<\/strong><\/td><td>50 t<\/td><\/tr><tr><td><strong>Maks. Ray A\u00e7\u0131kl\u0131\u011f\u0131&nbsp; &#8211;&nbsp; LKr<\/strong><\/td><td>35 m<\/td><\/tr><tr><td><strong>Ayak Y\u00fcksekli\u011fi&nbsp; &#8211;&nbsp; A<\/strong><\/td><td>6, 8, 10, 12, 14 m<\/td><\/tr><tr><td colspan=\"2\"><strong>Di\u011fer \u00f6zellikler, iste\u011fe ba\u011fl\u0131 olarak \u00fcretilmektedir<\/strong><\/td><\/tr><\/tbody><\/table><\/figure>\n<\/div>\n\n\n<div class=\"wp-block-image\">\n<figure class=\"aligncenter size-full\"><img loading=\"lazy\" decoding=\"async\" width=\"587\" height=\"817\" src=\"http:\/\/ozkanvinc.com\/wp-content\/uploads\/2024\/09\/tk12.png\" alt=\"\" class=\"wp-image-233\" srcset=\"https:\/\/ozkanvinc.com\/wp-content\/uploads\/2024\/09\/tk12.png 587w, https:\/\/ozkanvinc.com\/wp-content\/uploads\/2024\/09\/tk12-216x300.png 216w\" sizes=\"auto, (max-width: 587px) 100vw, 587px\" \/><\/figure><\/div>","protected":false},"excerpt":{"rendered":"<p>SCK\/YP \u2013 \u00c7ift Kiri\u015fli Yar\u0131 Portal Vin\u00e7ler \u00d6ZKAN yar\u0131 portal vin\u00e7lerimiz; sadece d\u00fc\u015f\u00fck maliyetli ve ekonomik bir alternatif olmay\u0131p, yap\u0131sal nedenlerden \u00f6t\u00fcr\u00fc gezer k\u00f6pr\u00fc vinci kurulumunun \u00e7ok karma\u015f\u0131k veya imkans\u0131z oldu\u011fu yerlerde de \u00e7al\u0131\u015fmaya olanak sa\u011flar. Ayn\u0131 zamanda bina i\u00e7erisindeki lojistik uygulama \u00e7\u00f6z\u00fcmleriniz i\u00e7in en ideal tamamlay\u0131c\u0131 g\u00f6revi de \u00fcstlenirler. 50 tona kadar olan kald\u0131rma [&hellip;]<\/p>\n","protected":false},"author":1,"featured_media":0,"parent":0,"menu_order":0,"comment_status":"closed","ping_status":"closed","template":"","meta":{"footnotes":""},"class_list":["post-163","page","type-page","status-publish","hentry"],"_links":{"self":[{"href":"https:\/\/ozkanvinc.com\/index.php?rest_route=\/wp\/v2\/pages\/163","targetHints":{"allow":["GET"]}}],"collection":[{"href":"https:\/\/ozkanvinc.com\/index.php?rest_route=\/wp\/v2\/pages"}],"about":[{"href":"https:\/\/ozkanvinc.com\/index.php?rest_route=\/wp\/v2\/types\/page"}],"author":[{"embeddable":true,"href":"https:\/\/ozkanvinc.com\/index.php?rest_route=\/wp\/v2\/users\/1"}],"replies":[{"embeddable":true,"href":"https:\/\/ozkanvinc.com\/index.php?rest_route=%2Fwp%2Fv2%2Fcomments&post=163"}],"version-history":[{"count":3,"href":"https:\/\/ozkanvinc.com\/index.php?rest_route=\/wp\/v2\/pages\/163\/revisions"}],"predecessor-version":[{"id":234,"href":"https:\/\/ozkanvinc.com\/index.php?rest_route=\/wp\/v2\/pages\/163\/revisions\/234"}],"wp:attachment":[{"href":"https:\/\/ozkanvinc.com\/index.php?rest_route=%2Fwp%2Fv2%2Fmedia&parent=163"}],"curies":[{"name":"wp","href":"https:\/\/api.w.org\/{rel}","templated":true}]}}