{"id":161,"date":"2024-09-05T07:57:56","date_gmt":"2024-09-05T07:57:56","guid":{"rendered":"http:\/\/ozkanvinc.com\/?page_id=161"},"modified":"2024-09-05T10:54:11","modified_gmt":"2024-09-05T10:54:11","slug":"tek-kirisli-tam-portal-vincler","status":"publish","type":"page","link":"https:\/\/ozkanvinc.com\/?page_id=161","title":{"rendered":"Tek Kiri\u015fli Tam Portal Vin\u00e7ler"},"content":{"rendered":"\n<p><strong>STK\/TP \u2013 Tek Kiri\u015fli Tam Portal Vin\u00e7ler<\/strong><\/p>\n\n\n\n<ul class=\"wp-block-list\">\n<li><strong>\u0130lave y\u00fcr\u00fcy\u00fc\u015f yoluna gerek olmayan ba\u011f\u0131ms\u0131z \u00e7al\u0131\u015fma \u00f6zelli\u011fi<\/strong><\/li>\n\n\n\n<li><strong>Bir seviyeden ba\u011f\u0131ms\u0131z \u00e7al\u0131\u015fma \u00f6zelli\u011fi<\/strong><\/li>\n\n\n\n<li><strong>Bina d\u0131\u015f\u0131-a\u00e7\u0131k saha depolama alanlar\u0131n\u0131zda da \u00e7al\u0131\u015fma \u00f6zelli\u011fi<\/strong><\/li>\n\n\n\n<li><strong>D\u00fc\u015f\u00fck Maliyetli ve Ekonomik A\u00e7\u0131k Saha \u00c7\u00f6z\u00fcmleri<\/strong><\/li>\n\n\n\n<li><strong>Maksimum 10 ton kald\u0131rma kapasitesi ve maksimum 30 m ray a\u00e7\u0131kl\u0131\u011f\u0131<\/strong><\/li>\n<\/ul>\n\n\n\n<p>\u00d6ZKAN tek kiri\u015fli tam portal vin\u00e7ler, yar\u0131 portal vin\u00e7lerin konstr\u00fcksiyonuna genel olarak benzerdir.<\/p>\n\n\n\n<p>Aralar\u0131ndaki temel fark, vin\u00e7 hareketlerinde dengeleme g\u00f6revi g\u00f6ren sisteme eklenmi\u015f mafsall\u0131 portal aya\u011f\u0131d\u0131r.<\/p>\n\n\n\n<p>Tam portal vin\u00e7ler, mevcut \u00fcretim ortamlar\u0131n\u0131za ve fabrika i\u00e7i ta\u015f\u0131ma faaliyetlerinize rahatl\u0131kla eklenebilmektedir.<\/p>\n\n\n\n<p>\u00d6ZKAN tam portal vin\u00e7leri, mevcut \u00fcretim tesisleri i\u00e7erisine ve tesis i\u00e7erisindeki ta\u015f\u0131ma faaliyetlerinize k\u00fc\u00e7\u00fck tasar\u0131m \u00e7al\u0131\u015fmalar\u0131yla rahatl\u0131kla sa\u011flayacak \u00e7\u00f6z\u00fcm\u00fc temin ederler.<\/p>\n\n\n\n<p>Tam portal vin\u00e7ler, sahip olduklar\u0131 hareket dengeleme g\u00f6revi yapan mafsall\u0131 ayaklar\u0131 sayesinde yar\u0131 portal vin\u00e7lerden farkl\u0131l\u0131k g\u00f6sterirler.<\/p>\n\n\n\n<p>Tam portal vin\u00e7ler, zemindeki raylar \u00fczerinde y\u00fcr\u00fcd\u00fcklerinden dolay\u0131 \u00f6zel bir y\u00fcr\u00fcy\u00fc\u015f yoluna gereksinim ve ihtiya\u00e7 duymazlar.<\/p>\n\n\n\n<p>Genel \u00e7er\u00e7eve yap\u0131s\u0131n\u0131n bir par\u00e7as\u0131 olan y\u00fck ta\u015f\u0131y\u0131c\u0131 ana kiri\u015fler, u\u00e7 taraflarda bulunan ayaklarla birlikte komple gezer k\u00f6pr\u00fcy\u00fc meydana getirmektedir.<\/p>\n\n\n\n<p>Sonu\u00e7 olarak bu vin\u00e7lerde duvara monte edilen y\u00fcr\u00fcy\u00fc\u015f yollar\u0131na ihtiya\u00e7 duyulmaz.<\/p>\n\n\n\n<p>\u00d6ZKAN tek kiri\u015fli tam portal vin\u00e7lerin y\u00fck kapasitesi, 10 ton de\u011ferlerine kadar uzan\u0131r.<\/p>\n\n\n\n<p>Maksimum ray a\u00e7\u0131kl\u0131\u011f\u0131 30 m de\u011ferine kadar uzanan tam portal vin\u00e7ler; genellikle bina d\u0131\u015f\u0131-a\u00e7\u0131k sahalarda, depolar ve y\u00fckleme alanlar\u0131nda tercih edilip kullan\u0131l\u0131rlar.<\/p>\n\n\n\n<p>A\u00e7\u0131k saha ve bina d\u0131\u015f\u0131 \u00e7al\u0131\u015fmalar i\u00e7in tasar\u0131m\u0131 yap\u0131lan vin\u00e7lerimiz ile opsiyonel radyo kumanda \u00fcnitelerimiz; y\u00fcklerinizi g\u00fcvenli, kolay ve daha rahat \u015fekilde ta\u015f\u0131man\u0131za olanak sa\u011flar.<\/p>\n\n\n\n<p><strong>Avantajlar ve \u00d6zellikler:<\/strong><\/p>\n\n\n\n<ul class=\"wp-block-list\">\n<li>\u0130lave olarak y\u00fcr\u00fcy\u00fc\u015f yoluna gerek olmayan ba\u011f\u0131ms\u0131z \u00e7al\u0131\u015fma ve i\u015fletme \u00f6zelli\u011fi<\/li>\n\n\n\n<li>\u00c7ift kiri\u015fli tam portal vin\u00e7lerine; bak\u0131m platformlar\u0131, ula\u015f\u0131m merdivenleri ve araba y\u00fcr\u00fctme grubu eklenerek sistem tam olarak olu\u015fturulabilmektedir.<\/li>\n\n\n\n<li>Ayn\u0131 zamanda bina i\u00e7erisindeki lojistik uygulama \u00e7\u00f6z\u00fcmleriniz i\u00e7in d\u00fc\u015f\u00fck maliyetli, ekonomik ve en ideal tamamlay\u0131c\u0131 g\u00f6revi de \u00fcstlenirler.<\/li>\n\n\n\n<li>Kumanda butonu veya radyo kumanda ile \u00e7al\u0131\u015fma olana\u011f\u0131<\/li>\n\n\n\n<li>Ayn\u0131 araba grubu \u00fczerinde ana-yard\u0131mc\u0131 olmak \u00fczere iki kald\u0131rma \u00fcnitesi veya ayn\u0131 k\u00f6pr\u00fc \u00fczerinde iki farkl\u0131 araba grubu ile donat\u0131labilme se\u00e7ene\u011fi.<\/li>\n\n\n\n<li>Genel olarak bu vin\u00e7lerde g\u00fc\u00e7 beslemesi, ayaklardan birini monte edilen kablo tamburlar\u0131 ile sa\u011flanmaktad\u0131r.<\/li>\n\n\n\n<li>Opsiyonel olarak f\u0131rt\u0131nal\u0131 hava \u015fartlar\u0131nda sistemin zarar g\u00f6rmesini engelleyici vinci kilitlemeye yarayan ray kelep\u00e7esi se\u00e7ene\u011fi<\/li>\n<\/ul>\n\n\n\n<div class=\"wp-block-group is-nowrap is-layout-flex wp-container-core-group-is-layout-ad2f72ca wp-block-group-is-layout-flex\">\n<figure class=\"wp-block-image size-full is-resized\"><img loading=\"lazy\" decoding=\"async\" width=\"444\" height=\"310\" src=\"http:\/\/ozkanvinc.com\/wp-content\/uploads\/2024\/09\/tkyp3.jpg\" alt=\"\" class=\"wp-image-228\" style=\"width:275px;height:auto\" srcset=\"https:\/\/ozkanvinc.com\/wp-content\/uploads\/2024\/09\/tkyp3.jpg 444w, https:\/\/ozkanvinc.com\/wp-content\/uploads\/2024\/09\/tkyp3-300x209.jpg 300w\" sizes=\"auto, (max-width: 444px) 100vw, 444px\" \/><\/figure>\n\n\n\n<figure class=\"wp-block-table\"><table class=\"has-fixed-layout\"><tbody><tr><td colspan=\"2\"><strong>\u00d6ZKAN V\u0130N\u00c7 \u2013 STK\/TP<\/strong> <strong>Tek Kiri\u015fli Tam Portal Vin\u00e7<\/strong><\/td><\/tr><tr><td colspan=\"2\"><strong>TEKN\u0130K VER\u0130LER<\/strong><\/td><\/tr><tr><td><strong>Maks. Kald\u0131rma Kapasitesi&nbsp; &#8211;&nbsp; Q<\/strong><\/td><td>10 t<\/td><\/tr><tr><td><strong>Maks. Ray A\u00e7\u0131kl\u0131\u011f\u0131&nbsp; &#8211;&nbsp; LKr<\/strong><\/td><td>30 m<\/td><\/tr><tr><td><strong>Ayak Y\u00fcksekli\u011fi&nbsp; &#8211;&nbsp; A<\/strong><\/td><td>4, 6, 8, 10 m<\/td><\/tr><tr><td colspan=\"2\"><strong>Di\u011fer \u00f6zellikler, iste\u011fe ba\u011fl\u0131 olarak \u00fcretilmektedir<\/strong><\/td><\/tr><\/tbody><\/table><\/figure>\n<\/div>\n\n\n<div class=\"wp-block-image\">\n<figure class=\"aligncenter size-full\"><img loading=\"lazy\" decoding=\"async\" width=\"580\" height=\"823\" src=\"http:\/\/ozkanvinc.com\/wp-content\/uploads\/2024\/09\/tk11.png\" alt=\"\" class=\"wp-image-229\" srcset=\"https:\/\/ozkanvinc.com\/wp-content\/uploads\/2024\/09\/tk11.png 580w, https:\/\/ozkanvinc.com\/wp-content\/uploads\/2024\/09\/tk11-211x300.png 211w\" sizes=\"auto, (max-width: 580px) 100vw, 580px\" \/><\/figure><\/div>","protected":false},"excerpt":{"rendered":"<p>STK\/TP \u2013 Tek Kiri\u015fli Tam Portal Vin\u00e7ler \u00d6ZKAN tek kiri\u015fli tam portal vin\u00e7ler, yar\u0131 portal vin\u00e7lerin konstr\u00fcksiyonuna genel olarak benzerdir. Aralar\u0131ndaki temel fark, vin\u00e7 hareketlerinde dengeleme g\u00f6revi g\u00f6ren sisteme eklenmi\u015f mafsall\u0131 portal aya\u011f\u0131d\u0131r. Tam portal vin\u00e7ler, mevcut \u00fcretim ortamlar\u0131n\u0131za ve fabrika i\u00e7i ta\u015f\u0131ma faaliyetlerinize rahatl\u0131kla eklenebilmektedir. \u00d6ZKAN tam portal vin\u00e7leri, mevcut \u00fcretim tesisleri i\u00e7erisine ve [&hellip;]<\/p>\n","protected":false},"author":1,"featured_media":0,"parent":0,"menu_order":0,"comment_status":"closed","ping_status":"closed","template":"","meta":{"footnotes":""},"class_list":["post-161","page","type-page","status-publish","hentry"],"_links":{"self":[{"href":"https:\/\/ozkanvinc.com\/index.php?rest_route=\/wp\/v2\/pages\/161","targetHints":{"allow":["GET"]}}],"collection":[{"href":"https:\/\/ozkanvinc.com\/index.php?rest_route=\/wp\/v2\/pages"}],"about":[{"href":"https:\/\/ozkanvinc.com\/index.php?rest_route=\/wp\/v2\/types\/page"}],"author":[{"embeddable":true,"href":"https:\/\/ozkanvinc.com\/index.php?rest_route=\/wp\/v2\/users\/1"}],"replies":[{"embeddable":true,"href":"https:\/\/ozkanvinc.com\/index.php?rest_route=%2Fwp%2Fv2%2Fcomments&post=161"}],"version-history":[{"count":3,"href":"https:\/\/ozkanvinc.com\/index.php?rest_route=\/wp\/v2\/pages\/161\/revisions"}],"predecessor-version":[{"id":230,"href":"https:\/\/ozkanvinc.com\/index.php?rest_route=\/wp\/v2\/pages\/161\/revisions\/230"}],"wp:attachment":[{"href":"https:\/\/ozkanvinc.com\/index.php?rest_route=%2Fwp%2Fv2%2Fmedia&parent=161"}],"curies":[{"name":"wp","href":"https:\/\/api.w.org\/{rel}","templated":true}]}}