{"id":159,"date":"2024-09-05T07:57:33","date_gmt":"2024-09-05T07:57:33","guid":{"rendered":"http:\/\/ozkanvinc.com\/?page_id=159"},"modified":"2024-09-05T10:47:46","modified_gmt":"2024-09-05T10:47:46","slug":"tek-kirisli-yari-portal-vincler","status":"publish","type":"page","link":"https:\/\/ozkanvinc.com\/?page_id=159","title":{"rendered":"Tek Kiri\u015fli Yar\u0131 Portal Vin\u00e7ler"},"content":{"rendered":"\n<p><strong>STK\/YP \u2013 Tek Kiri\u015fli Yar\u0131 Portal Vin\u00e7ler<\/strong><\/p>\n\n\n\n<ul class=\"wp-block-list\">\n<li><strong>\u00c7ok y\u00f6nl\u00fc, d\u00fc\u015f\u00fck maliyetli ve ekonomik kullan\u0131mlar\u0131n\u0131z i\u00e7in<\/strong><\/li>\n\n\n\n<li><strong>Lojistik uygulamalar\u0131n\u0131zdaki geni\u015f kapsaml\u0131 gereksinim ve ihtiya\u00e7lar\u0131n\u0131z i\u00e7in etkin ve verimli \u00e7\u00f6z\u00fcmler<\/strong><\/li>\n\n\n\n<li><strong>A\u00e7\u0131k havadaki depolama alanlar\u0131n\u0131zda da hizmet verebilme \u00f6zelli\u011fi<\/strong><\/li>\n\n\n\n<li><strong>Maksimum 10 ton kald\u0131rma kapasitesi ve maksimum 30 m ray a\u00e7\u0131kl\u0131\u011f\u0131<\/strong><\/li>\n<\/ul>\n\n\n\n<p>\u00d6ZKAN yar\u0131 portal vin\u00e7lerimiz; sadece d\u00fc\u015f\u00fck maliyetli ve ekonomik bir alternatif olmay\u0131p, yap\u0131sal nedenlerden \u00f6t\u00fcr\u00fc gezer k\u00f6pr\u00fc vinci kurulumunun \u00e7ok karma\u015f\u0131k veya imkans\u0131z oldu\u011fu yerlerde de \u00e7al\u0131\u015fmaya olanak sa\u011flar.<\/p>\n\n\n\n<p>Ayn\u0131 zamanda bina i\u00e7erisindeki lojistik uygulama \u00e7\u00f6z\u00fcmleriniz i\u00e7in en ideal tamamlay\u0131c\u0131 g\u00f6revi de \u00fcstlenirler.<\/p>\n\n\n\n<p>\u00d6ZKAN tek kiri\u015fli yar\u0131 portal vin\u00e7ler, sizler i\u00e7in verimli ve ekonomik \u00e7\u00f6z\u00fcm te\u015fkil eder.<\/p>\n\n\n\n<p>\u00d6ZKAN tek kiri\u015fli yar\u0131 portal vin\u00e7leri, maksimum 10 t kald\u0131rma kapasitesi ve maksimum 30 m ray a\u00e7\u0131kl\u0131\u011f\u0131 de\u011ferlerine kadar kullan\u0131labilmektedir.<\/p>\n\n\n\n<p>Yar\u0131 portal vin\u00e7ler; prensipte tam portal vin\u00e7lere \u00e7ok benzer olup, vin\u00e7lerin bir taraf\u0131 bina duvar\u0131na d\u00f6\u015fenen y\u00fcr\u00fcy\u00fc\u015f yolunda, di\u011fer taraf\u0131 da yer zeminine d\u00f6\u015fenen y\u00fcr\u00fcy\u00fc\u015f yolunda y\u00fcr\u00fcrler.<\/p>\n\n\n\n<p>Genel olarak \u00fcretim at\u00f6lyeleri veya hangarlar i\u00e7erisinde mevcut y\u00fcr\u00fcy\u00fc\u015f yollar\u0131na adapte edilerek kullan\u0131l\u0131rlar.<\/p>\n\n\n\n<p>Alttaki y\u00fcr\u00fcy\u00fc\u015f yolu; zemin \u00fczerine veya zemin i\u00e7erisine g\u00f6m\u00fcl\u00fc olarak monte edilebilirler.<\/p>\n\n\n\n<p>\u00dcstteki y\u00fcr\u00fcy\u00fc\u015f yolu; bina duvar\u0131na biti\u015fik eklenmi\u015f bir kiri\u015f \u00fczerine veya destekler \u00fczerine veya guseler \u00fczerine monte edilirler.<\/p>\n\n\n\n<p><strong>Avantajlar ve \u00d6zellikler:<\/strong><\/p>\n\n\n\n<ul class=\"wp-block-list\">\n<li>Hem tek kiri\u015fli yar\u0131 portal vin\u00e7ler hem de \u00e7ift kiri\u015fli yar\u0131 portal vin\u00e7ler mevcuttur.<\/li>\n\n\n\n<li>Bina i\u00e7inde ve\/veya bina d\u0131\u015f\u0131nda, kapal\u0131 ve\/veya a\u00e7\u0131k saha da \u00e7al\u0131\u015fmaya olana\u011f\u0131<\/li>\n\n\n\n<li>Standart olarak maksimum 10 ton kald\u0131rma kapasitesi<\/li>\n\n\n\n<li>10 ton kald\u0131rma kapasitesi ve maksimum 30 m ray a\u00e7\u0131kl\u0131\u011f\u0131 teknik de\u011ferlerine ula\u015fan tek kiri\u015fli yar\u0131 portal vin\u00e7ler<\/li>\n\n\n\n<li>Lojistik uygulama \u00e7\u00f6z\u00fcmleriniz i\u00e7in en ideal tamamlay\u0131c\u0131l\u0131k \u00f6zelli\u011fi<\/li>\n\n\n\n<li>Kumanda butonu veya radyo kumanda ile \u00e7al\u0131\u015fma olana\u011f\u0131<\/li>\n\n\n\n<li>Ayn\u0131 araba grubu \u00fczerinde ana-yard\u0131mc\u0131 olmak \u00fczere iki kald\u0131rma \u00fcnitesi veya ayn\u0131 k\u00f6pr\u00fc \u00fczerinde iki farkl\u0131 araba grubu ile donat\u0131labilme se\u00e7ene\u011fi.<\/li>\n\n\n\n<li>\u0130\u015fletme seviyesinde verimli ve etkin \u00e7\u00f6z\u00fcm<\/li>\n\n\n\n<li>K\u00fc\u00e7\u00fck \u00e7al\u0131\u015fma alanlar\u0131nda y\u00fcksek performans<\/li>\n<\/ul>\n\n\n\n<div class=\"wp-block-group is-vertical is-layout-flex wp-container-core-group-is-layout-8cf370e7 wp-block-group-is-layout-flex\">\n<div class=\"wp-block-group is-nowrap is-layout-flex wp-container-core-group-is-layout-ad2f72ca wp-block-group-is-layout-flex\">\n<figure class=\"wp-block-image size-full is-resized\"><img loading=\"lazy\" decoding=\"async\" width=\"300\" height=\"208\" src=\"http:\/\/ozkanvinc.com\/wp-content\/uploads\/2024\/09\/tkyp1-e1725532750997.jpg\" alt=\"\" class=\"wp-image-222\" style=\"width:349px;height:auto\"\/><\/figure>\n\n\n\n<figure class=\"wp-block-table\"><table class=\"has-fixed-layout\"><tbody><tr><td colspan=\"2\"><strong>\u00d6ZKAN V\u0130N\u00c7 \u2013 STK\/YP<\/strong> <strong>Tek Kiri\u015fli Yar\u0131 Portal Vin\u00e7<\/strong><\/td><\/tr><tr><td colspan=\"2\"><strong>TEKN\u0130K VER\u0130LER<\/strong><\/td><\/tr><tr><td><strong>Maks. Kald\u0131rma Kapasitesi&nbsp; &#8211;&nbsp; Q<\/strong><\/td><td>10 t<\/td><\/tr><tr><td><strong>Maks. Ray A\u00e7\u0131kl\u0131\u011f\u0131&nbsp; &#8211;&nbsp; LKr<\/strong><\/td><td>30 m<\/td><\/tr><tr><td><strong>Ayak Y\u00fcksekli\u011fi&nbsp; &#8211;&nbsp; A<\/strong><\/td><td>4, 6, 8, 10 m<\/td><\/tr><tr><td colspan=\"2\"><strong>Di\u011fer \u00f6zellikler, iste\u011fe ba\u011fl\u0131 olarak \u00fcretilmektedir<\/strong><\/td><\/tr><\/tbody><\/table><\/figure>\n<\/div>\n<\/div>\n\n\n<div class=\"wp-block-image\">\n<figure class=\"aligncenter size-full\"><img loading=\"lazy\" decoding=\"async\" width=\"587\" height=\"803\" src=\"http:\/\/ozkanvinc.com\/wp-content\/uploads\/2024\/09\/tk10.png\" alt=\"\" class=\"wp-image-225\" srcset=\"https:\/\/ozkanvinc.com\/wp-content\/uploads\/2024\/09\/tk10.png 587w, https:\/\/ozkanvinc.com\/wp-content\/uploads\/2024\/09\/tk10-219x300.png 219w\" sizes=\"auto, (max-width: 587px) 100vw, 587px\" \/><\/figure><\/div>","protected":false},"excerpt":{"rendered":"<p>STK\/YP \u2013 Tek Kiri\u015fli Yar\u0131 Portal Vin\u00e7ler \u00d6ZKAN yar\u0131 portal vin\u00e7lerimiz; sadece d\u00fc\u015f\u00fck maliyetli ve ekonomik bir alternatif olmay\u0131p, yap\u0131sal nedenlerden \u00f6t\u00fcr\u00fc gezer k\u00f6pr\u00fc vinci kurulumunun \u00e7ok karma\u015f\u0131k veya imkans\u0131z oldu\u011fu yerlerde de \u00e7al\u0131\u015fmaya olanak sa\u011flar. Ayn\u0131 zamanda bina i\u00e7erisindeki lojistik uygulama \u00e7\u00f6z\u00fcmleriniz i\u00e7in en ideal tamamlay\u0131c\u0131 g\u00f6revi de \u00fcstlenirler. \u00d6ZKAN tek kiri\u015fli yar\u0131 portal [&hellip;]<\/p>\n","protected":false},"author":1,"featured_media":0,"parent":0,"menu_order":0,"comment_status":"closed","ping_status":"closed","template":"","meta":{"footnotes":""},"class_list":["post-159","page","type-page","status-publish","hentry"],"_links":{"self":[{"href":"https:\/\/ozkanvinc.com\/index.php?rest_route=\/wp\/v2\/pages\/159","targetHints":{"allow":["GET"]}}],"collection":[{"href":"https:\/\/ozkanvinc.com\/index.php?rest_route=\/wp\/v2\/pages"}],"about":[{"href":"https:\/\/ozkanvinc.com\/index.php?rest_route=\/wp\/v2\/types\/page"}],"author":[{"embeddable":true,"href":"https:\/\/ozkanvinc.com\/index.php?rest_route=\/wp\/v2\/users\/1"}],"replies":[{"embeddable":true,"href":"https:\/\/ozkanvinc.com\/index.php?rest_route=%2Fwp%2Fv2%2Fcomments&post=159"}],"version-history":[{"count":3,"href":"https:\/\/ozkanvinc.com\/index.php?rest_route=\/wp\/v2\/pages\/159\/revisions"}],"predecessor-version":[{"id":226,"href":"https:\/\/ozkanvinc.com\/index.php?rest_route=\/wp\/v2\/pages\/159\/revisions\/226"}],"wp:attachment":[{"href":"https:\/\/ozkanvinc.com\/index.php?rest_route=%2Fwp%2Fv2%2Fmedia&parent=159"}],"curies":[{"name":"wp","href":"https:\/\/api.w.org\/{rel}","templated":true}]}}