{"id":156,"date":"2024-09-05T07:54:44","date_gmt":"2024-09-05T07:54:44","guid":{"rendered":"http:\/\/ozkanvinc.com\/?page_id=156"},"modified":"2024-09-05T09:43:05","modified_gmt":"2024-09-05T09:43:05","slug":"askili-tip-tek-kirisli-gezer-kopru-vincler","status":"publish","type":"page","link":"https:\/\/ozkanvinc.com\/?page_id=156","title":{"rendered":"Ask\u0131l\u0131 Tip Tek Kiri\u015fli Gezer K\u00f6pr\u00fc Vin\u00e7ler"},"content":{"rendered":"\n<p><strong>ATK.PK &amp; ATK.KK \u2013 Ask\u0131l\u0131 Tip Gezer K\u00f6pr\u00fc Vin\u00e7leri<\/strong><\/p>\n\n\n\n<ul class=\"wp-block-list\">\n<li><strong>KOLONSUZ ALTERNAT\u0130F<\/strong><\/li>\n\n\n\n<li><strong>8 Ton kald\u0131rma kapasitesine kadar y\u00fckleriniz i\u00e7in Kolonsuz Ta\u015f\u0131ma alternatifi<\/strong><\/li>\n\n\n\n<li><strong>Desteksiz \u00e7elik \u00fcst yap\u0131lar\u0131ndaki uygulamalar\u0131n\u0131z i\u00e7in<\/strong><\/li>\n\n\n\n<li><strong>Tandem Operasyonlar\u0131n\u0131zda Kolonsuz Vin\u00e7 Alternatifi<\/strong><\/li>\n\n\n\n<li><strong>B\u00fcy\u00fck ray a\u00e7\u0131kl\u0131kar\u0131ndaki Kolonsuz Vin\u00e7 Alternatifi<\/strong><\/li>\n\n\n\n<li><strong>Havadan malzeme ak\u0131\u015f\u0131 ve transferi i\u00e7in vin\u00e7 \u00e7\u00f6z\u00fcmleri<\/strong><\/li>\n\n\n\n<li><strong>Maksimum 8 ton kald\u0131rma kapasitesi ve maksimum 25 m ray a\u00e7\u0131kl\u0131\u011f\u0131<\/strong><\/li>\n<\/ul>\n\n\n\n<p>\u00d6ZKAN ask\u0131l\u0131 tip gezer k\u00f6pr\u00fc vin\u00e7lerinin, her nerede olursa olsun mevcut \u00e7at\u0131 yap\u0131s\u0131n\u0131 bir y\u00fcr\u00fcy\u00fc\u015f yolu gibi kullanabilme \u00f6zelli\u011fi etkin ve verimli bir \u00e7\u00f6z\u00fcm\u00fc sa\u011flar. Mevcut \u00fcretim tesislerinize kolay ve basit\u00e7e \u00d6ZKAN ask\u0131l\u0131 tip gezer k\u00f6pr\u00fc vin\u00e7lerini takmay\u0131 d\u00fc\u015f\u00fcnd\u00fc\u011f\u00fcn\u00fcz andan itibaren ek olarak y\u00fcr\u00fcy\u00fc\u015f yolu kolon ve yap\u0131lar\u0131na masraf yapman\u0131za gerek olmayacakt\u0131r.<\/p>\n\n\n\n<p>\u00d6ZKAN ask\u0131l\u0131 tip gezer k\u00f6pr\u00fc vin\u00e7lerimiz, binadaki mevcut \u00e7at\u0131 yap\u0131s\u0131na basit\u00e7e eklenen vin\u00e7 y\u00fcr\u00fcy\u00fc\u015f yolu \u00fczerinde y\u00fcr\u00fcyerek hareket ettikleri i\u00e7in bu kurulum ve montaj yap\u0131s\u0131, size vin\u00e7 y\u00fcr\u00fcy\u00fc\u015f yolu ve yap\u0131 kolonlar\u0131n\u0131zda \u00f6nemli derecede maliyet ve zaman tasarrufu sa\u011flar.<\/p>\n\n\n\n<p>Bu tasar\u0131m yap\u0131s\u0131, vincinizin kurulumu i\u00e7in y\u00fcr\u00fcy\u00fc\u015f yollar\u0131ndaki kolon ihtiyac\u0131n\u0131 ortadan kald\u0131rmaktad\u0131r. Buna ek olarak \u00e7al\u0131\u015fma alan\u0131n\u0131z\u0131n her taraf\u0131nda hizmet verebilme avantaj\u0131 elde edilmektedir.<\/p>\n\n\n\n<p>ATK.PK ask\u0131l\u0131 tip gezer k\u00f6pr\u00fc vin\u00e7lerimiz, \u00fcretiminiz i\u00e7in mevcut t\u00fcm at\u00f6lye alan\u0131n\u0131z\u0131 kullanman\u0131za olanak sa\u011flad\u0131\u011f\u0131 i\u00e7in \u00e7al\u0131\u015fma alan\u0131 a\u00e7\u0131s\u0131ndan da sizlere tasarruf sa\u011flar.<\/p>\n\n\n\n<p>ATK.KK ask\u0131l\u0131 tip gezer k\u00f6pr\u00fc&nbsp; vin\u00e7lerimiz, kaynakl\u0131 kutu kesitli tasar\u0131mlar\u0131 sayesinde sa\u011flanan y\u00fcksek burulma dayan\u0131kl\u0131\u011f\u0131na sahiptir.<\/p>\n\n\n\n<p>Bu vin\u00e7ler sadece mevcut \u00e7at\u0131 yap\u0131s\u0131na ba\u011fland\u0131\u011f\u0131ndan dolay\u0131 vin\u00e7 y\u00fcr\u00fcy\u00fc\u015f yolunda montaj i\u00e7in herhangibir kolona ihtiya\u00e7 gerektirmez. Kolonsuz elde edilen bu yap\u0131 sayesinde vin\u00e7ler, hem zaman hem de maliyetlerinizde \u00f6nemli tasarruf sa\u011flar.<\/p>\n\n\n\n<p>Alternatif olarak sistemin yaln\u0131zca \u00e7elik \u00fcst yap\u0131 grubuna yap\u0131lacak montaj\u0131, ayn\u0131 zamanda de\u011fi\u015fen \u00fcretim \u015fartlar\u0131na adaptasyonda da sizlere \u00fcst derecede \u00e7\u00f6z\u00fcm sa\u011flar.<\/p>\n\n\n\n<p>Ana kiri\u015f \u00fczerindeki yanal \u00e7\u0131k\u0131nt\u0131lar, ana kiri\u015f alt\u0131nda y\u00fcr\u00fcyen kald\u0131rma grubunun y\u00fcr\u00fctme mesafesini ray a\u00e7\u0131kl\u0131\u011f\u0131ndan daha ileriye uzatmada kullan\u0131labildi\u011fi i\u00e7in yan duvarlara \u00e7ok yak\u0131n yana\u015fma mesafeleri elde etmeye olanak sa\u011flar.<\/p>\n\n\n\n<p>Vincinizle tesislerinizdeki kullan\u0131labilir alanlar\u0131n\u0131z\u0131n maksimum derecede kullan\u0131m\u0131 \u00f6zelli\u011fi, ta\u015f\u0131ma ve nakliye i\u015flemlerinizde i\u00e7in en ideal verimlili\u011fe ula\u015fman\u0131za olanak sa\u011flar.&nbsp;<\/p>\n\n\n\n<p><strong>Avantajlar ve \u00d6zellikler:<\/strong><\/p>\n\n\n\n<ul class=\"wp-block-list\">\n<li>Bilgisayar programlar\u0131m\u0131z sayesinde se\u00e7ilen; en ideal y\u00fck da\u011f\u0131l\u0131m\u0131 ve en ideal kesit tipine sahip haddelenmi\u015f profil veya kaynakl\u0131 kutu konstr\u00fcksiyon Vin\u00e7 Ana Kiri\u015fi,<\/li>\n\n\n\n<li>Bilgisayar programlar\u0131yla se\u00e7ilen en uygun kutu kesit yap\u0131s\u0131 sayesinde, vin\u00e7 ana kiri\u015flerinin bina tas\u0131r\u0131m\u0131na en ideal\u00a0 ve en uygun adaptasyonunun sa\u011flanmas\u0131,<\/li>\n\n\n\n<li>ATK.KK tip vin\u00e7lerde, kaynakl\u0131 diyafram levhalar\u0131 sayesinde g\u00fc\u00e7lendirilmi\u015f ba\u011flant\u0131 yap\u0131s\u0131, kapal\u0131 kutu kesit profil tipli, burulmaya dayan\u0131kl\u0131 olarak yap\u0131lan ve d\u00fc\u015f\u00fck titre\u015fimli ta\u015f\u0131ma yaoman\u0131za olanak sa\u011flayan vin\u00e7 ana kiri\u015fleri,<\/li>\n\n\n\n<li>Burulmaya kar\u015f\u0131 dayan\u0131kl\u0131l\u0131\u011f\u0131 sa\u011flayan kaynakl\u0131 kutu konstr\u00fcksiyona sahip Ba\u015fl\u0131k Kiri\u015fleri,<\/li>\n\n\n\n<li>Bina yap\u0131s\u0131na uygun \u015fekilde tasar\u0131m\u0131 yap\u0131lm\u0131\u015f ba\u015fl\u0131k kiri\u015fleri,<\/li>\n\n\n\n<li>Y\u00fcksek a\u015f\u0131nma dayan\u0131kl\u0131l\u0131\u011f\u0131na ve kendinden ya\u011flama \u00f6zelli\u011fine sahip GGG 70 k\u00fcresel grafitli d\u00f6kme demir malzemeden \u00fcretilen Y\u00fcr\u00fctme Tekerlekleri,<\/li>\n\n\n\n<li>Minimum a\u015f\u0131nma i\u00e7in m\u00fchendislik toleranslar\u0131na g\u00f6re imalat\u0131 yap\u0131lan ana kiri\u015f ile ba\u015fl\u0131k kiri\u015fi aras\u0131 Ba\u011flant\u0131 Yap\u0131s\u0131,<\/li>\n\n\n\n<li>Y\u00fcr\u00fctme tekerlekleri ve vin\u00e7 y\u00fcr\u00fcy\u00fc\u015f yollar\u0131nda minimum a\u015f\u0131nma ile sa\u011flanan en uygun y\u00fcr\u00fctme \u00f6zellikleri,<\/li>\n\n\n\n<li>M\u00fcmk\u00fcn olan en geni\u015f alanda hizmet verebilmek i\u00e7in \u00e7ok elveri\u015fli kanca yakla\u015fma mesafelerine sahip, Al\u00e7ak Tavan Tip Monoray Kald\u0131rma \u00dcniteleri,<\/li>\n\n\n\n<li>Gerekti\u011finde, at\u00f6lye veya \u00e7al\u0131\u015fma alan\u0131n\u0131n \u00f6zel t\u00fcm b\u00f6l\u00fcmlerinde \u00e7al\u0131\u015fmaya olanak sa\u011flayan yap\u0131,<\/li>\n\n\n\n<li>Ana kiri\u015flerin u\u00e7lar\u0131ndaki \u00e7\u0131k\u0131nt\u0131lar\u0131n\/portafolar\u0131n uzat\u0131larak araba grubunun y\u00fcr\u00fcy\u00fc\u015f yolunun d\u0131\u015f\u0131na \u00e7\u0131k\u0131p \u00e7al\u0131\u015fabilme \u00f6zelli\u011fi,<\/li>\n\n\n\n<li>Koruyucu topraklamaya sahip son derece esnek Yass\u0131 Kablo Sistemi ile sa\u011flanan Kald\u0131rma \u00dcnitesi Enerji Beslemesi,<\/li>\n\n\n\n<li>Opsiyonel ana kiri\u015f boyunca kald\u0131rma \u00fcnitesinden Ba\u011f\u0131ms\u0131z Kumanda Butonu Sistemi,<\/li>\n\n\n\n<li>Opsiyonel Radyo Kumanda Sistemi,<\/li>\n\n\n\n<li>Gerekti\u011finde hem \u00d6ZKAN halatl\u0131 kald\u0131rma gruplar\u0131 hem de zincirli vin\u00e7lerle de kullan\u0131labilme \u00f6zelli\u011fi.<\/li>\n\n\n\n<li>Baz\u0131 uygulama ihtiya\u00e7 ve gereksinimleriniz i\u00e7in ana kiri\u015flerin yatay \u00e7\u0131k\u0131nt\u0131l\u0131 yap\u0131lmas\u0131 vas\u0131tas\u0131yla, bina duvar\u0131na biti\u015fik y\u00fcklerin kald\u0131r\u0131lmas\u0131 yap\u0131labilmektedir.<\/li>\n\n\n\n<li>\u00c7elik yap\u0131lar ve bile\u015fenlerinde yap\u0131lan \u00f6n i\u015flemler sayesinde elde edilen en ideal anti-korozyon korumas\u0131.<\/li>\n<\/ul>\n\n\n\n<p><strong>Bina dizayn\u0131na en ideal uyum sa\u011flayacak tasar\u0131m se\u00e7enekleri:<\/strong><\/p>\n\n\n\n<figure class=\"wp-block-image size-full\"><img loading=\"lazy\" decoding=\"async\" width=\"648\" height=\"150\" src=\"http:\/\/ozkanvinc.com\/wp-content\/uploads\/2024\/09\/tk4.png\" alt=\"\" class=\"wp-image-200\" srcset=\"https:\/\/ozkanvinc.com\/wp-content\/uploads\/2024\/09\/tk4.png 648w, https:\/\/ozkanvinc.com\/wp-content\/uploads\/2024\/09\/tk4-300x69.png 300w\" sizes=\"auto, (max-width: 648px) 100vw, 648px\" \/><\/figure>\n\n\n<div class=\"wp-block-image\">\n<figure class=\"aligncenter size-full\"><img loading=\"lazy\" decoding=\"async\" width=\"661\" height=\"808\" src=\"http:\/\/ozkanvinc.com\/wp-content\/uploads\/2024\/09\/tk5.png\" alt=\"\" class=\"wp-image-198\" srcset=\"https:\/\/ozkanvinc.com\/wp-content\/uploads\/2024\/09\/tk5.png 661w, https:\/\/ozkanvinc.com\/wp-content\/uploads\/2024\/09\/tk5-245x300.png 245w\" sizes=\"auto, (max-width: 661px) 100vw, 661px\" \/><\/figure><\/div>","protected":false},"excerpt":{"rendered":"<p>ATK.PK &amp; ATK.KK \u2013 Ask\u0131l\u0131 Tip Gezer K\u00f6pr\u00fc Vin\u00e7leri \u00d6ZKAN ask\u0131l\u0131 tip gezer k\u00f6pr\u00fc vin\u00e7lerinin, her nerede olursa olsun mevcut \u00e7at\u0131 yap\u0131s\u0131n\u0131 bir y\u00fcr\u00fcy\u00fc\u015f yolu gibi kullanabilme \u00f6zelli\u011fi etkin ve verimli bir \u00e7\u00f6z\u00fcm\u00fc sa\u011flar. Mevcut \u00fcretim tesislerinize kolay ve basit\u00e7e \u00d6ZKAN ask\u0131l\u0131 tip gezer k\u00f6pr\u00fc vin\u00e7lerini takmay\u0131 d\u00fc\u015f\u00fcnd\u00fc\u011f\u00fcn\u00fcz andan itibaren ek olarak y\u00fcr\u00fcy\u00fc\u015f yolu kolon [&hellip;]<\/p>\n","protected":false},"author":1,"featured_media":0,"parent":0,"menu_order":0,"comment_status":"closed","ping_status":"closed","template":"","meta":{"footnotes":""},"class_list":["post-156","page","type-page","status-publish","hentry"],"_links":{"self":[{"href":"https:\/\/ozkanvinc.com\/index.php?rest_route=\/wp\/v2\/pages\/156","targetHints":{"allow":["GET"]}}],"collection":[{"href":"https:\/\/ozkanvinc.com\/index.php?rest_route=\/wp\/v2\/pages"}],"about":[{"href":"https:\/\/ozkanvinc.com\/index.php?rest_route=\/wp\/v2\/types\/page"}],"author":[{"embeddable":true,"href":"https:\/\/ozkanvinc.com\/index.php?rest_route=\/wp\/v2\/users\/1"}],"replies":[{"embeddable":true,"href":"https:\/\/ozkanvinc.com\/index.php?rest_route=%2Fwp%2Fv2%2Fcomments&post=156"}],"version-history":[{"count":3,"href":"https:\/\/ozkanvinc.com\/index.php?rest_route=\/wp\/v2\/pages\/156\/revisions"}],"predecessor-version":[{"id":201,"href":"https:\/\/ozkanvinc.com\/index.php?rest_route=\/wp\/v2\/pages\/156\/revisions\/201"}],"wp:attachment":[{"href":"https:\/\/ozkanvinc.com\/index.php?rest_route=%2Fwp%2Fv2%2Fmedia&parent=156"}],"curies":[{"name":"wp","href":"https:\/\/api.w.org\/{rel}","templated":true}]}}