{"id":130,"date":"2024-09-04T20:39:06","date_gmt":"2024-09-04T20:39:06","guid":{"rendered":"http:\/\/ozkanvinc.com\/?page_id=130"},"modified":"2024-09-05T10:05:42","modified_gmt":"2024-09-05T10:05:42","slug":"portal-vincler","status":"publish","type":"page","link":"https:\/\/ozkanvinc.com\/?page_id=130","title":{"rendered":"Portal Vin\u00e7ler"},"content":{"rendered":"\n<p><strong>\u00d6ZKAN Markas\u0131 Alt\u0131nda Ekonomik ve Verimli Portal Vin\u00e7 \u00c7\u00f6z\u00fcmleri<\/strong><\/p>\n\n\n\n<p>\u00d6ZKAN portal vin\u00e7leri, s\u0131kl\u0131kla binalar\u0131n ve a\u00e7\u0131k alanlar\u0131n kullan\u0131m kapasitesini art\u0131rmak i\u00e7in kullan\u0131lmaktad\u0131r.<\/p>\n\n\n\n<p>Gezer k\u00f6pr\u00fc vin\u00e7lerinin \u00e7ok pahal\u0131 oldu\u011fu veya bina yap\u0131s\u0131n\u0131n, desteklerinin ve \u015fartlar\u0131n\u0131n uygun olmad\u0131\u011f\u0131 her yerde, maksimum 50 t kald\u0131rma kapasitesine kadar tercih edilirler.<\/p>\n\n\n\n<p>\u00d6ZKAN portal vin\u00e7ler, ta\u015f\u0131nacak y\u00fckler ile \u00e7ok \u00e7e\u015fitli uygulama alanlar\u0131nda kullan\u0131m i\u00e7in uygundur.&nbsp;<\/p>\n\n\n\n<p>Bo\u015f alanlar\u0131n en uygun \u015fekilde kullan\u0131m\u0131n\u0131n sa\u011flanmas\u0131 ve maliyetlerin azalt\u0131lmas\u0131na b\u00fcy\u00fck katk\u0131 sa\u011flarlar.<\/p>\n\n\n\n<p>Bina yap\u0131n\u0131z ister \u00f6nceden isterse sonradan planlanm\u0131\u015f olsun; \u00d6ZKAN portal vin\u00e7leri, gerek bina i\u00e7i-kapal\u0131 saha ve gerekse bina d\u0131\u015f\u0131-a\u00e7\u0131k saha \u00e7al\u0131\u015fmalar\u0131n\u0131zda sizlere tatmin edici fayda sa\u011flar.<\/p>\n\n\n\n<p>Binan\u0131n konstr\u00fcktif yap\u0131s\u0131na ek y\u00fck verilmemesi gereken hafif yap\u0131larda bile rahatl\u0131kla kullan\u0131labilirler.<\/p>\n\n\n\n<p>Sadece yar\u0131 portal vin\u00e7lerde, bina yap\u0131s\u0131na \u00f6nemsiz derecede k\u00fc\u00e7\u00fck ilave kuvvetler etki eder.<\/p>\n\n\n\n<p>Ayn\u0131 zamanda, portal vin\u00e7ler bina i\u00e7erisindeki gezer k\u00f6pr\u00fc vin\u00e7lerinin alt\u0131nda y\u00fckleme vin\u00e7leri olarak da kullan\u0131labilir.<\/p>\n\n\n\n<p>Portal vin\u00e7ler; tesislerinizin metrekare alan\u0131 ba\u015f\u0131na \u00fcretkenli\u011fini, kapasitesini ve verimlili\u011fini art\u0131rarak, sizlere de\u011fi\u015fik \u00e7\u00f6z\u00fcm alternatifleri sunar.<\/p>\n\n\n\n<p>\u00d6ZKAN portal vin\u00e7lerde uygulanan \u00fcretim standartlar\u0131; hem teknoloji hem de tasar\u0131mda y\u00fcksek kalitenin daimi olarak sa\u011flanmas\u0131n\u0131 temin eder.<\/p>\n\n\n\n<p>S\u0131k s\u0131k y\u00fcklerin yer de\u011fi\u015ftirilmesi gereken i\u015fletimlerinizdeki t\u00fcm \u00e7al\u0131\u015fma alanlar\u0131n\u0131zda bu vin\u00e7ler en m\u00fckemmel \u00e7\u00f6z\u00fcm\u00fc olu\u015ftururlar. Vincin y\u00fcksekli\u011fi ve geni\u015fli\u011fi, ilgili \u015fartlara ve gerkesinimlere ayr\u0131 ayr\u0131 uyum sa\u011flayabilmektedir.<\/p>\n\n\n\n<p>Radyo kumanda \u00fcnitesi veya frekans inverterli y\u00fcr\u00fctme sistemleri, bu vin\u00e7lerde de bir opsiyon olarak \u00fcretilebilmektedir.<\/p>\n\n\n\n<p>Tek veya \u00e7ift kiri\u015fli, yar\u0131 veya tam portal tasar\u0131ml\u0131 \u00d6ZKAN portal vin\u00e7leri, y\u00fcksek g\u00fcvenlikle y\u00fcklerinizi ta\u015f\u0131ma \u00f6zelli\u011fine sahiptir.<\/p>\n\n\n\n<p>Portal vin\u00e7lerin; ayn\u0131 zamanda kapal\u0131 saha ve bina i\u00e7i \u00e7al\u0131\u015fmalar\u0131n\u0131zda, gezer k\u00f6pr\u00fc vin\u00e7leri alt\u0131nda y\u00fckleme vinci olarak da kullan\u0131labilmesi m\u00fcmk\u00fcnd\u00fcr.<\/p>\n\n\n\n<p>Kapal\u0131 saha ve bina i\u00e7i \u00e7al\u0131\u015fmalar\u0131n\u0131zdaki portal vin\u00e7 uygulamalar\u0131n\u0131z;&nbsp; bekleme s\u00fcrelerini azaltan, i\u015fyerinizde esnek \u00e7al\u0131\u015fma olana\u011f\u0131n\u0131 temin eden ve binan\u0131zdaki alan ba\u015f\u0131na d\u00fc\u015fen \u00fcretim performans\u0131n\u0131 art\u0131ran bir \u00e7\u00f6z\u00fcme olanak sa\u011flar.<\/p>\n\n\n<div class=\"wp-block-image\">\n<figure class=\"aligncenter size-full\"><img loading=\"lazy\" decoding=\"async\" width=\"697\" height=\"478\" src=\"http:\/\/ozkanvinc.com\/wp-content\/uploads\/2024\/09\/tk9-1.png\" alt=\"\" class=\"wp-image-210\" srcset=\"https:\/\/ozkanvinc.com\/wp-content\/uploads\/2024\/09\/tk9-1.png 697w, https:\/\/ozkanvinc.com\/wp-content\/uploads\/2024\/09\/tk9-1-300x206.png 300w\" sizes=\"auto, (max-width: 697px) 100vw, 697px\" \/><\/figure><\/div>\n\n\n<p><strong>\u00d6zg\u00fcn \u00d6ZKAN Portal Vin\u00e7 Konfig\u00fcrasyonlar\u0131 \u2013 Montajlar\u0131n\u0131zda zaman tasarrufu sa\u011flayan yap\u0131<\/strong><\/p>\n\n\n\n<figure class=\"wp-block-table\"><table class=\"has-fixed-layout\"><tbody><tr><td><strong>STK\/YP<\/strong> <strong>Tek Kiri\u015fli Yar\u0131 Portal Vin\u00e7ler<\/strong> \u00c7ok y\u00f6nl\u00fc, d\u00fc\u015f\u00fck maliyetli ve ekonomik kullan\u0131mlar\u0131n\u0131z i\u00e7in Maksimum Kald\u0131rma Kapasitesi 10 t Maksimum Ray A\u00e7\u0131kl\u0131\u011f\u0131 30 m &nbsp;<\/td><td class=\"has-text-align-center\" data-align=\"center\"><img loading=\"lazy\" decoding=\"async\" width=\"150\" height=\"135\" class=\"wp-image-212\" style=\"width: 150px;\" src=\"http:\/\/ozkanvinc.com\/wp-content\/uploads\/2024\/09\/po1.jpg\" alt=\"\"><\/td><\/tr><tr><td><strong>STK\/TP<\/strong> <strong>Tek Kiri\u015fli Tam Portal Vin\u00e7ler<\/strong> \u0130lave y\u00fcr\u00fcy\u00fc\u015f yoluna gerek olmayan ba\u011f\u0131ms\u0131z \u00e7al\u0131\u015fma \u00f6zelli\u011fi Maksimum Kald\u0131rma Kapasitesi 10 t Maksimum Ray A\u00e7\u0131kl\u0131\u011f\u0131 30 m &nbsp;<\/td><td class=\"has-text-align-center\" data-align=\"center\"><img loading=\"lazy\" decoding=\"async\" width=\"150\" height=\"135\" class=\"wp-image-213\" style=\"width: 150px;\" src=\"http:\/\/ozkanvinc.com\/wp-content\/uploads\/2024\/09\/po2.jpg\" alt=\"\"><\/td><\/tr><tr><td><strong>SCK\/YP<\/strong> <strong>\u00c7ift Kiri\u015fli Yar\u0131 Portal Vin\u00e7ler<\/strong> \u00c7ok y\u00f6nl\u00fc, d\u00fc\u015f\u00fck maliyetli ve ekonomik kullan\u0131mlar\u0131n\u0131z i\u00e7in Maksimum Kald\u0131rma Kapasitesi 50 t Maksimum Ray A\u00e7\u0131kl\u0131\u011f\u0131 35 m &nbsp;<\/td><td class=\"has-text-align-center\" data-align=\"center\"><img loading=\"lazy\" decoding=\"async\" width=\"150\" height=\"120\" class=\"wp-image-214\" style=\"width: 150px;\" src=\"http:\/\/ozkanvinc.com\/wp-content\/uploads\/2024\/09\/po3.jpg\" alt=\"\"><\/td><\/tr><tr><td><strong>SCK\/TP<\/strong> <strong>\u00c7ift Kiri\u015fli Tam Portal Vin\u00e7ler<\/strong> \u0130lave y\u00fcr\u00fcy\u00fc\u015f yoluna gerek olmayan ba\u011f\u0131ms\u0131z \u00e7al\u0131\u015fma \u00f6zelli\u011fi Maksimum Kald\u0131rma Kapasitesi 50 t Maksimum Ray A\u00e7\u0131kl\u0131\u011f\u0131 35 m &nbsp;<\/td><td class=\"has-text-align-center\" data-align=\"center\"><img loading=\"lazy\" decoding=\"async\" width=\"150\" height=\"120\" class=\"wp-image-215\" style=\"width: 150px;\" src=\"http:\/\/ozkanvinc.com\/wp-content\/uploads\/2024\/09\/po4.jpg\" alt=\"\"><\/td><\/tr><\/tbody><\/table><\/figure>\n\n\n\n<p>\u00d6ZKAN Portal Vin\u00e7 \u00fcr\u00fcn portf\u00f6y\u00fc genel olarak; Tek ve \u00c7ift Kiri\u015fli tasar\u0131ml\u0131, Yar\u0131 Portal ve Tam Portal Vin\u00e7ler\u2019den olu\u015fmaktad\u0131r.<\/p>\n\n\n\n<p>Kaynakl\u0131 kutu kesitli kiri\u015fli standart vin\u00e7lerin yan\u0131 s\u0131ra haddelenmi\u015f profil kesitli kiri\u015f tiplerini de \u00e7\u00f6z\u00fcm olarak sunmaktay\u0131z.<\/p>\n\n\n\n<p>Vin\u00e7 tiplerine ait t\u00fcm performans detaylar\u0131, avantajlar ve \u00f6zelliklere \u00fcr\u00fcn detay sayfalar\u0131ndan bakabilirsiniz.<\/p>\n\n\n\n<figure class=\"wp-block-table\"><table class=\"has-fixed-layout\"><tbody><tr><td><strong>\u00d6ZKAN V\u0130N\u00c7<\/strong> <strong>&amp;<\/strong> <strong>END\u00dcSTR\u0130 MAK\u0130NALARI<\/strong><\/td><td><strong>Tek Kiri\u015fli<\/strong> <strong>Yar\u0131 Portal<\/strong> <strong>Vin\u00e7ler<\/strong><\/td><td><strong>Tek Kiri\u015fli<\/strong> <strong>Tam Portal<\/strong> <strong>Vin\u00e7ler<\/strong><\/td><td><strong>\u00c7ift Kiri\u015fli<\/strong> <strong>Yar\u0131 Portal<\/strong> <strong>Vin\u00e7ler<\/strong><\/td><td><strong>\u00c7ift Kiri\u015fli<\/strong> <strong>Tam Portal<\/strong> <strong>Vin\u00e7ler<\/strong><\/td><\/tr><tr><td><strong>Vin\u00e7 G\u00f6r\u00fcn\u00fcm\u00fc<\/strong><\/td><td><img loading=\"lazy\" decoding=\"async\" width=\"144\" height=\"126\" class=\"wp-image-216\" style=\"width: 144px;\" src=\"http:\/\/ozkanvinc.com\/wp-content\/uploads\/2024\/09\/po5.jpg\" alt=\"\"><\/td><td><img loading=\"lazy\" decoding=\"async\" width=\"144\" height=\"126\" class=\"wp-image-217\" style=\"width: 144px;\" src=\"http:\/\/ozkanvinc.com\/wp-content\/uploads\/2024\/09\/po6.jpg\" alt=\"\"><\/td><td><img loading=\"lazy\" decoding=\"async\" width=\"150\" height=\"124\" class=\"wp-image-218\" style=\"width: 150px;\" src=\"http:\/\/ozkanvinc.com\/wp-content\/uploads\/2024\/09\/po7.jpg\" alt=\"\"><\/td><td><img loading=\"lazy\" decoding=\"async\" width=\"150\" height=\"124\" class=\"wp-image-219\" style=\"width: 150px;\" src=\"http:\/\/ozkanvinc.com\/wp-content\/uploads\/2024\/09\/po8.jpg\" alt=\"\"><\/td><\/tr><tr><td><strong>Vin\u00e7 Tipi<\/strong><strong><\/strong><\/td><td><strong>STK\/YP<\/strong><\/td><td><strong>STK\/TP<\/strong><\/td><td><strong>SCK\/YP<\/strong><\/td><td><strong>SCK\/TP<\/strong><\/td><\/tr><tr><td><strong>Maks. Kald\u0131rma Kapasitesi&nbsp;&nbsp; *<\/strong><\/td><td colspan=\"2\">10 t<\/td><td colspan=\"2\">50 t<\/td><\/tr><tr><td><strong>Maks. Ray A\u00e7\u0131kl\u0131\u011f\u0131&nbsp;&nbsp; *<\/strong><\/td><td colspan=\"2\">30 m<\/td><td colspan=\"2\">35 m<\/td><\/tr><tr><td><strong>Ayak Y\u00fckseklikleri&nbsp;&nbsp; *<\/strong><\/td><td colspan=\"2\">4, 6, 8, 10 m<\/td><td colspan=\"2\">6, 8, 10, 12, 14 m<\/td><\/tr><tr><td><strong>Maks. K\u00f6pr\u00fc Y\u00fcr\u00fctme H\u0131z\u0131&nbsp;&nbsp; *<\/strong><\/td><td colspan=\"4\">40 m\/dak<\/td><\/tr><tr><td><strong>Maks. Araba Y\u00fcr\u00fctme H\u0131z\u0131&nbsp;&nbsp; *<\/strong><\/td><td colspan=\"4\">20 m\/dak<\/td><\/tr><tr><td colspan=\"5\"><strong>*&nbsp;&nbsp;&nbsp; Di\u011fer \u00f6zellikler, iste\u011fe ba\u011fl\u0131 olarak \u00fcretilmektedir.<\/strong><\/td><\/tr><\/tbody><\/table><\/figure>\n","protected":false},"excerpt":{"rendered":"<p>\u00d6ZKAN Markas\u0131 Alt\u0131nda Ekonomik ve Verimli Portal Vin\u00e7 \u00c7\u00f6z\u00fcmleri \u00d6ZKAN portal vin\u00e7leri, s\u0131kl\u0131kla binalar\u0131n ve a\u00e7\u0131k alanlar\u0131n kullan\u0131m kapasitesini art\u0131rmak i\u00e7in kullan\u0131lmaktad\u0131r. Gezer k\u00f6pr\u00fc vin\u00e7lerinin \u00e7ok pahal\u0131 oldu\u011fu veya bina yap\u0131s\u0131n\u0131n, desteklerinin ve \u015fartlar\u0131n\u0131n uygun olmad\u0131\u011f\u0131 her yerde, maksimum 50 t kald\u0131rma kapasitesine kadar tercih edilirler. \u00d6ZKAN portal vin\u00e7ler, ta\u015f\u0131nacak y\u00fckler ile \u00e7ok \u00e7e\u015fitli uygulama [&hellip;]<\/p>\n","protected":false},"author":1,"featured_media":0,"parent":0,"menu_order":0,"comment_status":"closed","ping_status":"closed","template":"","meta":{"footnotes":""},"class_list":["post-130","page","type-page","status-publish","hentry"],"_links":{"self":[{"href":"https:\/\/ozkanvinc.com\/index.php?rest_route=\/wp\/v2\/pages\/130","targetHints":{"allow":["GET"]}}],"collection":[{"href":"https:\/\/ozkanvinc.com\/index.php?rest_route=\/wp\/v2\/pages"}],"about":[{"href":"https:\/\/ozkanvinc.com\/index.php?rest_route=\/wp\/v2\/types\/page"}],"author":[{"embeddable":true,"href":"https:\/\/ozkanvinc.com\/index.php?rest_route=\/wp\/v2\/users\/1"}],"replies":[{"embeddable":true,"href":"https:\/\/ozkanvinc.com\/index.php?rest_route=%2Fwp%2Fv2%2Fcomments&post=130"}],"version-history":[{"count":3,"href":"https:\/\/ozkanvinc.com\/index.php?rest_route=\/wp\/v2\/pages\/130\/revisions"}],"predecessor-version":[{"id":220,"href":"https:\/\/ozkanvinc.com\/index.php?rest_route=\/wp\/v2\/pages\/130\/revisions\/220"}],"wp:attachment":[{"href":"https:\/\/ozkanvinc.com\/index.php?rest_route=%2Fwp%2Fv2%2Fmedia&parent=130"}],"curies":[{"name":"wp","href":"https:\/\/api.w.org\/{rel}","templated":true}]}}