{"id":123,"date":"2024-09-04T20:37:10","date_gmt":"2024-09-04T20:37:10","guid":{"rendered":"http:\/\/ozkanvinc.com\/?page_id=123"},"modified":"2024-09-05T09:45:34","modified_gmt":"2024-09-05T09:45:34","slug":"cift-kirisli-gezer-kopru-vincler","status":"publish","type":"page","link":"https:\/\/ozkanvinc.com\/?page_id=123","title":{"rendered":"\u00c7ift Kiri\u015fli Gezer K\u00f6pr\u00fc Vin\u00e7ler"},"content":{"rendered":"\n<p><strong>SCK.PK &amp; SCK.KK \u2013 \u00c7ift Kiri\u015fli Gezer K\u00f6pr\u00fc Vin\u00e7leri&nbsp;<\/strong><\/p>\n\n\n\n<ul class=\"wp-block-list\">\n<li><strong>Geni\u015f Ray A\u00e7\u0131kl\u0131klar\u0131 ile birle\u015ftirilmi\u015f Y\u00fcksek Kald\u0131rma Kapasiteleri<\/strong><\/li>\n\n\n\n<li><strong>Verimli Kullan\u0131m ve Performans i\u00e7in Sa\u011flam Yat\u0131r\u0131m<\/strong><\/li>\n\n\n\n<li><strong>Maksimum 50 ton kald\u0131rma kapasitesi ve maksimum 35 m ray a\u00e7\u0131kl\u0131\u011f\u0131<\/strong><\/li>\n<\/ul>\n\n\n\n<p>\u00d6ZKAN \u00e7ift kiri\u015fli gezer k\u00f6pr\u00fc vin\u00e7leri neredeyse e\u015fsiz \u201c\u00d6l\u00fc A\u011f\u0131rl\u0131k\/Kald\u0131rma Kapasitesi\u201d oranlar\u0131n\u0131 sizlere sunmaktad\u0131r.<\/p>\n\n\n\n<p>\u00d6ZKAN \u00e7ift kiri\u015fli gezer k\u00f6pr\u00fc vin\u00e7leri, d\u00fc\u015f\u00fck \u00f6l\u00fc a\u011f\u0131rl\u0131k de\u011ferleri i\u00e7in y\u00fcksek kald\u0131rma kapasitelerine olanak sa\u011flar.<\/p>\n\n\n\n<p>Bu vin\u00e7lerin ola\u011fan\u00fcst\u00fc geometrisi, son derece iyi y\u00fcr\u00fcy\u00fc\u015f \u00f6zellikleri i\u00e7in y\u00fcr\u00fcy\u00fc\u015f yolu ve ba\u015fl\u0131k kiri\u015flerinde a\u015f\u0131nmay\u0131 en aza indirir.<\/p>\n\n\n\n<p>Kanca blo\u011funun iki ana kiri\u015f aras\u0131nda y\u00fckseltilmesi, daha b\u00fcy\u00fck kald\u0131rma y\u00fckseklikleri elde etmeyi m\u00fcmk\u00fcn k\u0131lar.<\/p>\n\n\n\n<p>\u0130htiya\u00e7 ve gereksinimlerinize ba\u011fl\u0131 olarak \u00e7ift kiri\u015fli gezer k\u00f6pr\u00fc vin\u00e7lerimize, ayn\u0131 zamanda radyo kumanda veya operat\u00f6r kabini kontrol sistemleri de opsiyonel olarak tak\u0131labilmektedir.<\/p>\n\n\n\n<p>Opsiyonel bak\u0131m platformlar\u0131 ve eri\u015filebilir \u00e7ift kiri\u015f arabalar\u0131, sadece vincin bak\u0131m\u0131n\u0131 sizin i\u00e7in daha rahat hale getirmek i\u00e7in de\u011fil bunun yan\u0131nda ayn\u0131 zamanda bina ayd\u0131nlatma lambalar\u0131, \u0131s\u0131tma elemanlar\u0131 ve enerji besleme hatlar\u0131na rahatl\u0131kla ve kolayca ula\u015fman\u0131za olanak sa\u011flar.<\/p>\n\n\n\n<p>\u00c7ift kiri\u015fli gezer k\u00f6pr\u00fc vin\u00e7leri zemin seviyesinden kumanda se\u00e7ene\u011fi (kumanda butonu sistemi veya radyo kumanda sistemi) veya kabinden kumanda se\u00e7ene\u011fi ile donat\u0131labilmektedir. Kabinden kumanda sistemi se\u00e7ene\u011fi, \u00f6zel bir gereksinim olmad\u0131k\u00e7a 63 m\/dak y\u00fcr\u00fctme h\u0131z\u0131ndan daha b\u00fcy\u00fck y\u00fcr\u00fctme h\u0131zlar\u0131nda kullan\u0131lmaktad\u0131r.<\/p>\n\n\n\n<p>Daha y\u00fcksek k\u00f6pr\u00fc y\u00fcr\u00fctme h\u0131zlar\u0131 i\u00e7in ise radyo kumanda sistemi se\u00e7ene\u011fi kullan\u0131lmaktad\u0131r.<\/p>\n\n\n\n<p>Kabinden kumanda veya zeminden kumanda se\u00e7ene\u011fi; k\u00f6pr\u00fc \u00fczerinde sabit bir yerden olabilmekte veya ana kiri\u015f boyunca arabadan ba\u011f\u0131ms\u0131z \u015fekilde istenilen yerden kumanday\u0131 m\u00fcmk\u00fcn k\u0131lacak \u015fekilde de olabilmektedir.<\/p>\n\n\n\n<p>Vin\u00e7ler ayn\u0131 zamanda sabit bir platform kabininden veya radyo kumanda vas\u0131tas\u0131 ilede kullan\u0131labilmektedir.<\/p>\n\n\n\n<p>E\u011fer kald\u0131r\u0131lacak y\u00fck\u00fcn b\u00fcy\u00fck bir b\u00f6l\u00fcm\u00fc ana kald\u0131rma kapasitesinden az ise, daha h\u0131zl\u0131 bir yard\u0131mc\u0131 kald\u0131rma \u00fcnitesi ayn\u0131 araba \u00fczerine eklenmesi; kullan\u0131m verimlili\u011finizin artmas\u0131na ve enerji tasarrufuna ve maliyetlerinizin daha da d\u00fc\u015fmesini temin eder.<\/p>\n\n\n\n<p><strong>Avantajlar ve \u00d6zellikler:<\/strong><\/p>\n\n\n\n<ul class=\"wp-block-list\">\n<li>Bilgisayar programlar\u0131m\u0131z sayesinde se\u00e7ilen; en ideal y\u00fck da\u011f\u0131l\u0131m\u0131 ve en ideal kesit tipine sahip haddelenmi\u015f profil veya kaynakl\u0131 kutu konstr\u00fcksiyon Vin\u00e7 Ana Kiri\u015fi,<\/li>\n\n\n\n<li>\u00c7ift kiri\u015fli sistemin tasar\u0131mdaki \u00fcst\u00fcn performans\u0131 sayesinde rahatl\u0131kla elde edilebilen y\u00fcksek araba ve k\u00f6pr\u00fc y\u00fcr\u00fctme h\u0131zlar\u0131,<\/li>\n\n\n\n<li>Bilgisayar programlar\u0131yla en uygun ve en ideal kesitler se\u00e7ilerek yap\u0131lan,\u00a0 kutu kesitli vin\u00e7 ana kiri\u015flerinin d\u00fc\u015f\u00fck \u00f6l\u00fc a\u011f\u0131rl\u0131klar\u0131, yat\u0131r\u0131m maliyetlerinizi azalt\u0131r.<\/li>\n\n\n\n<li>En uygun hale getirilmi\u015f tasar\u0131m\u0131 sayesinde azalt\u0131lm\u0131\u015f olan yap\u0131 ve i\u015fletme maliyetleri<\/li>\n\n\n\n<li>Az yer kaplayan araba sistemi tasar\u0131m\u0131 sayesinde elde edilebilen minimum yakla\u015f\u0131m \u00f6l\u00e7\u00fcleri,<\/li>\n\n\n\n<li>Az yer kaplayan kald\u0131rma grubu ve araba sistemi tasar\u0131m\u0131 sayesinde mevcut \u00e7al\u0131\u015fma alan\u0131 ve y\u00fckseklik de\u011ferlerinin en uygun kullan\u0131m\u0131na olanak sa\u011flama\u00a0 (minimum yakla\u015f\u0131m \u00f6l\u00e7\u00fcleri ve daha b\u00fcy\u00fck kald\u0131rma y\u00fckseklikleri),<\/li>\n\n\n\n<li>Kanca blo\u011funun iki ana kiri\u015f aras\u0131nda y\u00fckseltilmesi ile elde edilebilen daha b\u00fcy\u00fck kald\u0131rma y\u00fckseklikleri<\/li>\n\n\n\n<li>\u00d6ZKAN vincin 2m i\u015fletim s\u0131n\u0131f\u0131 ortalamas\u0131 nedeniyle art\u0131r\u0131lm\u0131\u015f \u00e7al\u0131\u015fma \u00f6m\u00fcrlerine sahip kald\u0131rma gruplar\u0131 sayesinde elde edilen daha y\u00fcksek verim<\/li>\n\n\n\n<li>Burulmaya kar\u015f\u0131 dayan\u0131kl\u0131l\u0131\u011f\u0131 sa\u011flayan kaynakl\u0131 kutu kiri\u015f konstr\u00fcksiyona sahip Ba\u015fl\u0131k Kiri\u015fleri,<\/li>\n\n\n\n<li>Ana kiri\u015f ile ba\u015fl\u0131k kiri\u015fi aras\u0131 montaj ba\u011flant\u0131 \u015fekilleri,<\/li>\n\n\n\n<li>Bina yap\u0131n\u0131zdan dolay\u0131 ortaya \u00e7\u0131kacak ihtiya\u00e7 ve gereksinimlerinize g\u00f6re rahatl\u0131kla uyarlanabilen ana kiri\u015f ba\u011flant\u0131 yap\u0131s\u0131<\/li>\n\n\n\n<li>Y\u00fcksek a\u015f\u0131nma dayan\u0131kl\u0131l\u0131\u011f\u0131na ve kendinden ya\u011flama \u00f6zelli\u011fine sahip GGG 70 k\u00fcresel grafitli d\u00f6kme demir malzemeden \u00fcretilen Y\u00fcr\u00fctme Tekerlekleri,<\/li>\n\n\n\n<li>Minimum a\u015f\u0131nma i\u00e7in m\u00fchendislik toleranslar\u0131na g\u00f6re imalat\u0131 yap\u0131lan ana kiri\u015f ile ba\u015fl\u0131k kiri\u015fi aras\u0131 Ba\u011flant\u0131 Yap\u0131s\u0131,<\/li>\n\n\n\n<li>D\u00fc\u015f\u00fck bak\u0131m gerektiren y\u00fcr\u00fctme gruplar\u0131 s\u00fcr\u00fcc\u00fcleri sayesinde, y\u00fcr\u00fctme tekerlekleri ve y\u00fcr\u00fcy\u00fc\u015f yolu \u00fczerinde elde edilen minimum a\u015f\u0131nma ve elveri\u015fli y\u00fcr\u00fctme \u00f6zellikleri,<\/li>\n\n\n\n<li>Koruyucu topraklamaya sahip son derece esnek Yass\u0131 Kablo Sistemi ile sa\u011flanan Kald\u0131rma \u00dcnitesi Enerji Beslemesi,<\/li>\n\n\n\n<li>Uygulamadaki ihtiya\u00e7lar\u0131n\u0131z\u0131 kar\u015f\u0131layan vin\u00e7 kumanda tipi; kumanda butonu, radyo kumanda (opsiyonel) veya kabinden kumanda (opsiyonel)<\/li>\n\n\n\n<li>Opsiyonel ana kiri\u015f boyunca kald\u0131rma \u00fcnitesinden Ba\u011f\u0131ms\u0131z Kumanda Butonu Sistemi,<\/li>\n\n\n\n<li>Opsiyonel Radyo Kumanda Sistemi,<\/li>\n\n\n\n<li>Opsiyonel olarak Operat\u00f6r Kabini Kumanda Sistemi.<\/li>\n\n\n\n<li>Bina tamir ve onar\u0131mlar\u0131n\u0131z i\u00e7in opsiyonel bak\u0131m platformu,<\/li>\n\n\n\n<li>Gerek vin\u00e7 bak\u0131m\u0131na, gerekse bina i\u00e7indeki donan\u0131mlara (ayd\u0131nlatma lambalar\u0131, \u0131s\u0131tma elemanlar\u0131, enerji besleme hatlar\u0131 gibi) gereken bak\u0131ma hem rahatl\u0131kla ve kolayca yapmaya olanak sa\u011flayan hem de h\u0131zl\u0131 ve g\u00fcvenli eri\u015fime imkan veren ana kiri\u015f ve araba grubu bak\u0131m platformlar\u0131 (opsiyonel).<\/li>\n\n\n\n<li>\u00c7elik yap\u0131lar ve bile\u015fenlerinde yap\u0131lan \u00f6n i\u015flemler sayesinde elde edilen en ideal anti-korozyon korumas\u0131.<\/li>\n<\/ul>\n\n\n\n<p><strong>Bina dizayn\u0131na en ideal uyum sa\u011flayacak tasar\u0131m se\u00e7enekleri:<\/strong><\/p>\n\n\n<div class=\"wp-block-image\">\n<figure class=\"aligncenter size-full\"><img loading=\"lazy\" decoding=\"async\" width=\"602\" height=\"172\" src=\"http:\/\/ozkanvinc.com\/wp-content\/uploads\/2024\/09\/tk7.png\" alt=\"\" class=\"wp-image-204\" srcset=\"https:\/\/ozkanvinc.com\/wp-content\/uploads\/2024\/09\/tk7.png 602w, https:\/\/ozkanvinc.com\/wp-content\/uploads\/2024\/09\/tk7-300x86.png 300w\" sizes=\"auto, (max-width: 602px) 100vw, 602px\" \/><\/figure><\/div>\n\n<div class=\"wp-block-image\">\n<figure class=\"aligncenter size-full\"><img loading=\"lazy\" decoding=\"async\" width=\"700\" height=\"786\" src=\"http:\/\/ozkanvinc.com\/wp-content\/uploads\/2024\/09\/tk8.png\" alt=\"\" class=\"wp-image-202\" srcset=\"https:\/\/ozkanvinc.com\/wp-content\/uploads\/2024\/09\/tk8.png 700w, https:\/\/ozkanvinc.com\/wp-content\/uploads\/2024\/09\/tk8-267x300.png 267w\" sizes=\"auto, (max-width: 700px) 100vw, 700px\" \/><\/figure><\/div>","protected":false},"excerpt":{"rendered":"<p>SCK.PK &amp; SCK.KK \u2013 \u00c7ift Kiri\u015fli Gezer K\u00f6pr\u00fc Vin\u00e7leri&nbsp; \u00d6ZKAN \u00e7ift kiri\u015fli gezer k\u00f6pr\u00fc vin\u00e7leri neredeyse e\u015fsiz \u201c\u00d6l\u00fc A\u011f\u0131rl\u0131k\/Kald\u0131rma Kapasitesi\u201d oranlar\u0131n\u0131 sizlere sunmaktad\u0131r. \u00d6ZKAN \u00e7ift kiri\u015fli gezer k\u00f6pr\u00fc vin\u00e7leri, d\u00fc\u015f\u00fck \u00f6l\u00fc a\u011f\u0131rl\u0131k de\u011ferleri i\u00e7in y\u00fcksek kald\u0131rma kapasitelerine olanak sa\u011flar. Bu vin\u00e7lerin ola\u011fan\u00fcst\u00fc geometrisi, son derece iyi y\u00fcr\u00fcy\u00fc\u015f \u00f6zellikleri i\u00e7in y\u00fcr\u00fcy\u00fc\u015f yolu ve ba\u015fl\u0131k kiri\u015flerinde a\u015f\u0131nmay\u0131 [&hellip;]<\/p>\n","protected":false},"author":1,"featured_media":0,"parent":0,"menu_order":0,"comment_status":"closed","ping_status":"closed","template":"","meta":{"footnotes":""},"class_list":["post-123","page","type-page","status-publish","hentry"],"_links":{"self":[{"href":"https:\/\/ozkanvinc.com\/index.php?rest_route=\/wp\/v2\/pages\/123","targetHints":{"allow":["GET"]}}],"collection":[{"href":"https:\/\/ozkanvinc.com\/index.php?rest_route=\/wp\/v2\/pages"}],"about":[{"href":"https:\/\/ozkanvinc.com\/index.php?rest_route=\/wp\/v2\/types\/page"}],"author":[{"embeddable":true,"href":"https:\/\/ozkanvinc.com\/index.php?rest_route=\/wp\/v2\/users\/1"}],"replies":[{"embeddable":true,"href":"https:\/\/ozkanvinc.com\/index.php?rest_route=%2Fwp%2Fv2%2Fcomments&post=123"}],"version-history":[{"count":3,"href":"https:\/\/ozkanvinc.com\/index.php?rest_route=\/wp\/v2\/pages\/123\/revisions"}],"predecessor-version":[{"id":205,"href":"https:\/\/ozkanvinc.com\/index.php?rest_route=\/wp\/v2\/pages\/123\/revisions\/205"}],"wp:attachment":[{"href":"https:\/\/ozkanvinc.com\/index.php?rest_route=%2Fwp%2Fv2%2Fmedia&parent=123"}],"curies":[{"name":"wp","href":"https:\/\/api.w.org\/{rel}","templated":true}]}}