{"id":121,"date":"2024-09-04T20:36:41","date_gmt":"2024-09-04T20:36:41","guid":{"rendered":"http:\/\/ozkanvinc.com\/?page_id=121"},"modified":"2024-09-05T09:41:11","modified_gmt":"2024-09-05T09:41:11","slug":"tek-kirisli-gezer-kopru-vincler","status":"publish","type":"page","link":"https:\/\/ozkanvinc.com\/?page_id=121","title":{"rendered":"Tek Kiri\u015fli Gezer K\u00f6pr\u00fc Vin\u00e7ler"},"content":{"rendered":"\n<p><strong>STK.PK &#8211; Tek Kiri\u015fli Gezer K\u00f6pr\u00fc Vinci &#8211; Haddelenmi\u015f \u00c7elik Profil Ana Kiri\u015f<\/strong><\/p>\n\n\n\n<ul class=\"wp-block-list\">\n<li><strong>Etkin, verimli ve ekonomik kullan\u0131malr\u0131n\u0131zda \u00f6zel ihtiya\u00e7lar\u0131n\u0131z\u0131 kar\u015f\u0131layan \u00f6zg\u00fcn yap\u0131<\/strong><\/li>\n\n\n\n<li><strong>Kan\u0131tlanm\u0131\u015f \u00d6ZKAN kalitesinin d\u00fc\u015f\u00fck maliyetli ve ekonomik giri\u015f seviye modeli<\/strong><\/li>\n\n\n\n<li><strong>Haddelenmi\u015f \u00e7elik profilden yap\u0131lm\u0131\u015f ana kiri\u015fler sayesinde d\u00fc\u015f\u00fck maliyet \u00f6zelli\u011fi<\/strong><\/li>\n\n\n\n<li><strong>Maksimum 10 ton kald\u0131rma kapasitesi ve maksimum 15 m ray a\u00e7\u0131kl\u0131\u011f\u0131<\/strong><\/li>\n<\/ul>\n\n\n\n<p>STK.PK tek kiri\u015fli gezer k\u00f6pr\u00fc vin\u00e7leri, \u00d6ZKAN vin\u00e7 \u00fcr\u00fcn yelpazesinin d\u00fc\u015f\u00fck maliyetli ve ekonomik giri\u015f seviyesi modelidir.<\/p>\n\n\n\n<p>Ta\u015f\u0131y\u0131c\u0131 yap\u0131 olarak haddelenmi\u015f \u00e7elik profil kiri\u015flerin kullan\u0131ld\u0131\u011f\u0131, STK.PK tek kiri\u015fli gezer k\u00f6pr\u00fc vin\u00e7leri, maliyetlerde de g\u00f6ze \u00e7arpan sonu\u00e7lar\u0131 hizmetinize sunar.<\/p>\n\n\n\n<p>STK.PK tek kiri\u015fli gezer k\u00f6pr\u00fc vin\u00e7leri, d\u00fc\u015f\u00fck \u00f6l\u00fc a\u011f\u0131rl\u0131k avantaj\u0131na sahiptir.<\/p>\n\n\n\n<p>\u00d6zel olarak tasarlanm\u0131\u015f kald\u0131rma gruplar\u0131 ile vin\u00e7 ana kiri\u015fi olarak haddelenmi\u015f \u00e7elik profil kesitlerin kullan\u0131m\u0131, bu vin\u00e7leri hafif y\u00fckler ve nispeten k\u00fc\u00e7\u00fck ray a\u00e7\u0131kl\u0131klar\u0131 i\u00e7in en uygun \u00e7\u00f6z\u00fcm haline getirir.<\/p>\n\n\n\n<p>STK.PK tek kiri\u015fli gezer k\u00f6pr\u00fc vin\u00e7leri, PLT serisi kald\u0131rma \u00fcniteleri ile birlikte; \u00f6zellikle y\u00fcksek kaliteye sahip \u00d6ZKAN teknolojisini \u00e7ok uygun, cazip ve ekonomik&nbsp; fiyatlara sizlere sunar.<\/p>\n\n\n\n<p>Bu faydalar\u0131 da ba\u015fl\u0131ca, ana kiri\u015f olarak haddelenmi\u015f \u00e7elik profil kullan\u0131m\u0131 ve sizin i\u00e7in \u00f6zel olarak tasarlanm\u0131\u015f \u00d6ZKAN halatl\u0131 kald\u0131rma gruplar\u0131 veya zincirli vin\u00e7lerle temin ederler.<\/p>\n\n\n\n<p>\u00d6ZKAN kalitesini her zamanki gibi y\u00fcksek seviyesinde \u00f6zellikle ekonomik giri\u015f modeli olarak sunan bu tek kiri\u015fli gezer k\u00f6pr\u00fc vin\u00e7leri, \u00f6rne\u011fin at\u00f6lye vin\u00e7leri gibi mevcut at\u00f6lye ya da yeni binalara rahatl\u0131kla entegre edilebilir.&nbsp;&nbsp;&nbsp;&nbsp;<\/p>\n\n\n\n<p>STK.PK standart vin\u00e7leri; ergonomik kumanda butonlar\u0131 ve daha h\u0131zl\u0131 araba y\u00fcr\u00fctme h\u0131zlar\u0131 sayesinde, operat\u00f6r\u00fcn verimli ve zahmetsiz y\u00fck ta\u015f\u0131mas\u0131na olanak sa\u011flar.<\/p>\n\n\n\n<p>\u0130ste\u011fe ba\u011fl\u0131 olarak kademesiz h\u0131z\u0131 temin eden araba y\u00fcr\u00fctme s\u00fcr\u00fcc\u00fcleri gibi \u00f6zellikler ile donat\u0131lm\u0131\u015f vin\u00e7ler, y\u00fck\u00fcn hassas ta\u015f\u0131nmas\u0131 ile hassas konumland\u0131r\u0131lmas\u0131 i\u00e7in y\u00fck\u00fcn y\u00fcr\u00fctme esnas\u0131ndaki sal\u0131n\u0131m hareketlerini d\u00fc\u015f\u00fck olmas\u0131n\u0131 sa\u011flar.&nbsp;&nbsp;&nbsp;&nbsp;<\/p>\n\n\n\n<p>\u00d6ZKAN vin\u00e7leri ve bile\u015fenleri; uzun \u00e7al\u0131\u015fma \u00f6m\u00fcrlerini elde etmek i\u00e7in dikkatle tasarlanm\u0131\u015f olup, vin\u00e7 g\u00fcvenilirli\u011fi ve g\u00fcvenli\u011fi y\u00fcksek d\u00fczeyde \u00fcr\u00fcnler olarak tan\u0131n\u0131rlar.<\/p>\n\n\n\n<p><strong>Avantajlar ve \u00d6zellikler:<\/strong><\/p>\n\n\n\n<ul class=\"wp-block-list\">\n<li>Mevcut binan\u0131z\u0131n veya yeni binan\u0131z\u0131n i\u00e7erisine en uygun ve en ideal birle\u015ftirme<\/li>\n\n\n\n<li>Bilgisayar programlar\u0131m\u0131z ile en ideal haddelenmi\u015f profil tipi se\u00e7ilen Vin\u00e7 Ana Kiri\u015fi,<\/li>\n\n\n\n<li>En ideal y\u00fck da\u011f\u0131l\u0131m\u0131 sa\u011flayan standart haddelenmi\u015f profil malzemeli ana kiri\u015fler,<\/li>\n\n\n\n<li>En idela hale getirilmi\u015f tasar\u0131m\u0131 sayesinde azalt\u0131lm\u0131\u015f in\u015faat-yap\u0131 ve i\u015fletme maliyetleri<\/li>\n\n\n\n<li>Burulmaya kar\u015f\u0131 dayan\u0131kl\u0131l\u0131\u011f\u0131 sa\u011flayan kaynakl\u0131 kutu kiri\u015f konstr\u00fcksiyona sahip Ba\u015fl\u0131k Kiri\u015fleri,<\/li>\n\n\n\n<li>Bina yap\u0131s\u0131na uygun \u015fekilde tasar\u0131m\u0131 yap\u0131lm\u0131\u015f ba\u015fl\u0131k kiri\u015fi ba\u011flant\u0131 yap\u0131s\u0131,<\/li>\n\n\n\n<li>Y\u00fcksek a\u015f\u0131nma dayan\u0131kl\u0131l\u0131\u011f\u0131na ve kendinden ya\u011flama \u00f6zelli\u011fine sahip GGG 70 k\u00fcresel grafitli d\u00f6kme demir malzemeden \u00fcretilen Y\u00fcr\u00fctme Tekerlekleri,<\/li>\n\n\n\n<li>Minimum a\u015f\u0131nma i\u00e7in m\u00fchendislik toleranslar\u0131na g\u00f6re imalat\u0131 yap\u0131lan ana kiri\u015f ile ba\u015fl\u0131k kiri\u015fi aras\u0131 Ba\u011flant\u0131 Yap\u0131s\u0131,<\/li>\n\n\n\n<li>D\u00fc\u015f\u00fck bak\u0131m gerektiren y\u00fcr\u00fctme gruplar\u0131 s\u00fcr\u00fcc\u00fcleri sayesinde, y\u00fcr\u00fctme tekerlekleri ve y\u00fcr\u00fcy\u00fc\u015f yolu \u00fczerinde elde edilen minimum a\u015f\u0131nma ve elveri\u015fli y\u00fcr\u00fctme \u00f6zellikleri<\/li>\n\n\n\n<li>M\u00fcmk\u00fcn olan en geni\u015f alanda hizmet verebilmek i\u00e7in \u00e7ok elveri\u015fli kanca yakla\u015fma mesafelerine sahip, Al\u00e7ak Tavan Tip Monoray Kald\u0131rma \u00dcniteleri,<\/li>\n\n\n\n<li>Mevcut \u00e7al\u0131\u015fma alanlar\u0131 ile y\u00fcksekliklerin en uygun ve en ideal \u015fekilde kullan\u0131m\u0131n\u0131 sa\u011flayan, daha y\u00fcksek kald\u0131rma y\u00fcksekli\u011fi ve minimum yakla\u015fma \u00f6l\u00e7\u00fclerinin tenmin eden, daha az yer kaplayan kald\u0131rma grubu tasar\u0131m\u0131<\/li>\n\n\n\n<li>Koruyucu topraklamaya sahip son derece esnek Yass\u0131 Kablo Sistemi ile sa\u011flanan Kald\u0131rma \u00dcnitesi Enerji Beslemesi,<\/li>\n\n\n\n<li>Ergonomik tasarlanan kumanda butonlar\u0131 ile daha etkin, verimli ve zahmetsiz y\u00fck ta\u015f\u0131ma<\/li>\n\n\n\n<li>Opsiyonel ana kiri\u015f boyunca kald\u0131rma \u00fcnitesinden Ba\u011f\u0131ms\u0131z Kumanda Butonu Sistemi,<\/li>\n\n\n\n<li>Opsiyonel Radyo Kumanda Sistemi,<\/li>\n\n\n\n<li>Ergonomik kumanda butonlar\u0131 ve daha h\u0131zl\u0131 araba y\u00fcr\u00fctme h\u0131zlar\u0131 sayesinde etkin, verimli ve zahmetsiz y\u00fck ta\u015f\u0131ma \u00f6zelli\u011fi<\/li>\n\n\n\n<li>Y\u00fck\u00fcn hassas ta\u015f\u0131nmas\u0131 ve tam konumland\u0131r\u0131lmas\u0131 i\u00e7in d\u00fc\u015f\u00fck sal\u0131n\u0131ma sahip y\u00fcr\u00fctme hareketleri (ayarlanabilen de\u011fi\u015fken h\u0131zl\u0131 araba y\u00fcr\u00fctme s\u00fcr\u00fcc\u00fcleri istendi\u011finde bu \u00f6zellik standartt\u0131r).<\/li>\n\n\n\n<li>Gerekti\u011finde hem \u00d6ZKAN halatl\u0131 kald\u0131rma gruplar\u0131 hem de zincirli vin\u00e7lerle de kullan\u0131labilme \u00f6zelli\u011fi,<\/li>\n\n\n\n<li>Vin\u00e7 \u00fcr\u00fcnleri ve ekipmanlar\u0131n\u0131n sundu\u011fu y\u00fcksek g\u00fcvenlik ve g\u00fcvenilirlik seviyesi<\/li>\n\n\n\n<li>Y\u00fcksek \u00e7al\u0131\u015fma\/kullan\u0131m g\u00fcvenilirli\u011fi ile sa\u011flanan uzun kullan\u0131m \u00f6m\u00fcrlerine sahip vin\u00e7 \u00fcr\u00fcnleri ve ekipmanlar\u0131<\/li>\n\n\n\n<li>\u00c7elik yap\u0131lar ve bile\u015fenlerinde yap\u0131lan \u00f6n i\u015flemler sayesinde elde edilen en ideal anti-korozyon korumas\u0131.<\/li>\n<\/ul>\n\n\n\n<p><strong>Bina dizayn\u0131na en ideal uyum sa\u011flayacak tasar\u0131m se\u00e7enekleri:<\/strong><\/p>\n\n\n\n<figure class=\"wp-block-table\"><table class=\"has-fixed-layout\"><tbody><tr><td><img loading=\"lazy\" decoding=\"async\" width=\"150\" height=\"170\" class=\"wp-image-192\" style=\"width: 150px;\" src=\"http:\/\/ozkanvinc.com\/wp-content\/uploads\/2024\/09\/tip5.jpg\" alt=\"\"><\/td><td><img loading=\"lazy\" decoding=\"async\" width=\"150\" height=\"170\" class=\"wp-image-191\" style=\"width: 150px;\" src=\"http:\/\/ozkanvinc.com\/wp-content\/uploads\/2024\/09\/tip4.jpg\" alt=\"\"><\/td><td><img loading=\"lazy\" decoding=\"async\" width=\"150\" height=\"170\" class=\"wp-image-190\" style=\"width: 150px;\" src=\"http:\/\/ozkanvinc.com\/wp-content\/uploads\/2024\/09\/tip3.jpg\" alt=\"\"><\/td><td><img loading=\"lazy\" decoding=\"async\" width=\"150\" height=\"170\" class=\"wp-image-189\" style=\"width: 150px;\" src=\"http:\/\/ozkanvinc.com\/wp-content\/uploads\/2024\/09\/tip2.jpg\" alt=\"\"><\/td><td><img loading=\"lazy\" decoding=\"async\" width=\"150\" height=\"170\" class=\"wp-image-188\" style=\"width: 150px;\" src=\"http:\/\/ozkanvinc.com\/wp-content\/uploads\/2024\/09\/tip1.jpg\" alt=\"\"><\/td><\/tr><tr><td><strong>Tip 1<\/strong><\/td><td><strong>Tip 2<\/strong><\/td><td><strong>Tip 3<\/strong><\/td><td><strong>Tip 4<\/strong><\/td><td><strong>Tip 5<\/strong><\/td><\/tr><\/tbody><\/table><\/figure>\n\n\n<div class=\"wp-block-image\">\n<figure class=\"aligncenter size-full\"><img loading=\"lazy\" decoding=\"async\" width=\"657\" height=\"803\" src=\"http:\/\/ozkanvinc.com\/wp-content\/uploads\/2024\/09\/tk3.png\" alt=\"\" class=\"wp-image-196\" srcset=\"https:\/\/ozkanvinc.com\/wp-content\/uploads\/2024\/09\/tk3.png 657w, https:\/\/ozkanvinc.com\/wp-content\/uploads\/2024\/09\/tk3-245x300.png 245w\" sizes=\"auto, (max-width: 657px) 100vw, 657px\" \/><\/figure><\/div>","protected":false},"excerpt":{"rendered":"<p>STK.PK &#8211; Tek Kiri\u015fli Gezer K\u00f6pr\u00fc Vinci &#8211; Haddelenmi\u015f \u00c7elik Profil Ana Kiri\u015f STK.PK tek kiri\u015fli gezer k\u00f6pr\u00fc vin\u00e7leri, \u00d6ZKAN vin\u00e7 \u00fcr\u00fcn yelpazesinin d\u00fc\u015f\u00fck maliyetli ve ekonomik giri\u015f seviyesi modelidir. Ta\u015f\u0131y\u0131c\u0131 yap\u0131 olarak haddelenmi\u015f \u00e7elik profil kiri\u015flerin kullan\u0131ld\u0131\u011f\u0131, STK.PK tek kiri\u015fli gezer k\u00f6pr\u00fc vin\u00e7leri, maliyetlerde de g\u00f6ze \u00e7arpan sonu\u00e7lar\u0131 hizmetinize sunar. STK.PK tek kiri\u015fli gezer [&hellip;]<\/p>\n","protected":false},"author":1,"featured_media":0,"parent":0,"menu_order":0,"comment_status":"closed","ping_status":"closed","template":"","meta":{"footnotes":""},"class_list":["post-121","page","type-page","status-publish","hentry"],"_links":{"self":[{"href":"https:\/\/ozkanvinc.com\/index.php?rest_route=\/wp\/v2\/pages\/121","targetHints":{"allow":["GET"]}}],"collection":[{"href":"https:\/\/ozkanvinc.com\/index.php?rest_route=\/wp\/v2\/pages"}],"about":[{"href":"https:\/\/ozkanvinc.com\/index.php?rest_route=\/wp\/v2\/types\/page"}],"author":[{"embeddable":true,"href":"https:\/\/ozkanvinc.com\/index.php?rest_route=\/wp\/v2\/users\/1"}],"replies":[{"embeddable":true,"href":"https:\/\/ozkanvinc.com\/index.php?rest_route=%2Fwp%2Fv2%2Fcomments&post=121"}],"version-history":[{"count":3,"href":"https:\/\/ozkanvinc.com\/index.php?rest_route=\/wp\/v2\/pages\/121\/revisions"}],"predecessor-version":[{"id":197,"href":"https:\/\/ozkanvinc.com\/index.php?rest_route=\/wp\/v2\/pages\/121\/revisions\/197"}],"wp:attachment":[{"href":"https:\/\/ozkanvinc.com\/index.php?rest_route=%2Fwp%2Fv2%2Fmedia&parent=121"}],"curies":[{"name":"wp","href":"https:\/\/api.w.org\/{rel}","templated":true}]}}